{"id":117,"date":"2015-04-21T14:24:47","date_gmt":"2015-04-21T13:24:47","guid":{"rendered":"http:\/\/www.schelle.cz\/?page_id=117"},"modified":"2015-04-23T09:15:25","modified_gmt":"2015-04-23T08:15:25","slug":"publikacni-cinnost-clanky-v-dennim-tisku-judr-karel-schelle-jr-ll-m","status":"publish","type":"page","link":"https:\/\/www.schelle.cz\/?page_id=117","title":{"rendered":"\u010cl\u00e1nky v denn\u00edm tisku"},"content":{"rendered":"<h2>PUBLIKA\u010cN\u00cd \u010cINNOST &#8211; \u010cl\u00e1nky v denn\u00edm tisku<\/h2>\n<h6>JUDr. Karel Schelle, jr., LL.M.<\/h6>\n<ol>\n<li><b>Schelle, K.<\/b>: <i>M\u016f\u017eeme sv\u00e9ho potomka vyd\u011bdit?,<\/i> New Express, 5, 2003, \u010d. 11, s. 23.<\/li>\n<li><b>Schelle, K.<\/b>: <i>Co d\u011blat, kdy\u017e mi soused\u016fv pes vnik\u00e1 na m\u016fj pozemek?,<\/i> New Express, 5, 2003, \u010d. 12, s. 22.<\/li>\n<li><b>Schelle, K.<\/b>: <i>Je mo\u017en\u00e9 se n\u011bjak br\u00e1nit proti nab\u00edzen\u00ed nebo p\u0159ij\u00edm\u00e1n\u00ed \u00faplatk\u016f?,<\/i> New Expres, 6, 2004, \u010d. 1, s. 19.<\/li>\n<li><b>Schelle, K.<\/b>: <i>Je mo\u017en\u00e9 trestn\u011b st\u00edhat osobu mladistvou?,<\/i> New Expres, 6, 2004, \u010d. 2, s. 19.<\/li>\n<li><b>Schelle, K.<\/b>: <i>Je mo\u017en\u00e9 uzav\u0159\u00edt man\u017eelstv\u00ed v zastoupen\u00ed?,<\/i> New Expres, 6, 2004, \u010d. 3, s. 19.<\/li>\n<li><b>Schelle, K.<\/b>: <i>Jak je nutn\u00e9 postupovat v p\u0159\u00edpad\u011b \u00fanosu d\u00edt\u011bte do zahrani\u010d\u00ed?,<\/i> New Expres, 6, 2004, \u010d. 4, s. 19.<\/li>\n<li><b>Schelle, K.<\/b>: <i>Kdy a jak\u00fdm zp\u016fsobem mohu po otci jako rozveden\u00e1 matka po\u017eadovat zv\u00fd\u0161en\u00ed v\u00fd\u017eivn\u00e9ho na sv\u00e9 nezletil\u00e9 d\u00edt\u011b?,<\/i> New Expres, 6, 2004, \u010d. 5, s. 19.<\/li>\n<li><b>Schelle, K.<\/b>: <i>Kdy a jak\u00fdm zp\u016fsobem je mo\u017en\u00e9 pop\u0159\u00edt otcovstv\u00ed?,<\/i> New Expres, 6, 2004, \u010d. 6, s. 19.<\/li>\n<li><b>Schelle, K.<\/b>: <i>Na kaf\u00ed\u010dko s pr\u00e1vn\u00edkem\u2026,<\/i> New Expres, 6, 2004, \u010d. 7, s. 19.<\/li>\n<li><b>Schelle, K.<\/b>: <i>Na kaf\u00ed\u010dko s pr\u00e1vn\u00edkem\u2026,<\/i> New Expres, 6, 2004, \u010d. 8, s. 19.<\/li>\n<li><b>Schelle, K.<\/b>: <i>Na kaf\u00ed\u010dko s pr\u00e1vn\u00edkem\u2026,<\/i> New Expres, 6, 2004, \u010d. 9, s. 25.<\/li>\n<li><b>Schelle, K.<\/b>: <i>Na kaf\u00ed\u010dko s pr\u00e1vn\u00edkem\u2026,<\/i> New Expres, 6, 2004, \u010d. 10, s. 34.<\/li>\n<li><b>Schelle, K.<\/b>: <i>Na kaf\u00ed\u010dko s pr\u00e1vn\u00edkem\u2026,<\/i> New Expres, 6, 2004, \u010d. 11, s. 47.<\/li>\n<li><b>Schelle, K.<\/b>: <i>Na kaf\u00ed\u010dko s pr\u00e1vn\u00edkem\u2026,<\/i> New Expres, 6, 2004, \u010d. 12, s. 47.<\/li>\n<li><b>Schelle, K.<\/b>: <i>Na kaf\u00ed\u010dko s pr\u00e1vn\u00edkem\u2026,<\/i> New Expres, 7, 2005, \u010d. 1, s. 20.<\/li>\n<li><b>Schelle, K.<\/b>: <i>Na kaf\u00ed\u010dko s pr\u00e1vn\u00edkem\u2026,<\/i> New Expres, 7, 2005, \u010d. 2, s. 20.<\/li>\n<li><b>Schelle, K.<\/b>: <i>Na kaf\u00ed\u010dko a pr\u00e1vn\u00edkem\u2026,<\/i> New Expres, 7, 2005, \u010d. 3, s. 20.<\/li>\n<li><b>Schelle, K.<\/b>: <i>Na kaf\u00ed\u010dko a pr\u00e1vn\u00edkem\u2026,<\/i> New Expres, 7, 2005, \u010d. 4, s. 23.<\/li>\n<li><b>Schelle, K.<\/b>: <i>Na kaf\u00ed\u010dko a pr\u00e1vn\u00edkem\u2026,<\/i> New Expres, 7, 2005, \u010d. 5, s. 23.<\/li>\n<li><b> Schelle, K., jr.<\/b> \u2013 Lamka, R.: <i>Jak p\u0159edej\u00edt zdlouhav\u00e9mu soudn\u00edmu \u0159\u00edzen\u00ed p\u0159i vym\u00e1h\u00e1n\u00ed pohled\u00e1vek?<\/i>, Hospod\u00e1\u0159i, 3, 2007, \u010d. 6, s. 60 \u2013 61.<\/li>\n<li><b> Schelle, K., jr.<\/b> \u2013 Lamka, R.: <i>Jak\u00e9 druhy exekuce v\u00e1s mohou postihnout?<\/i>, Hospod\u00e1\u0159i, 3, 2007, \u010d. 7, s. 60 \u2013 61.<\/li>\n<li><b> Schelle, K., jr.<\/b> \u2013 Lamka, R.: <i>Co je podstatou exekuce sr\u00e1\u017ekami ze mzdy?<\/i>, Hospod\u00e1\u0159i, 3, 2007, \u010d. 8, s. 60 \u2013 61.<\/li>\n<li><b> Schelle, K., jr.<\/b> \u2013 Lamka, R.: <i>Na kter\u00fd soud je t\u0159eba se obr\u00e1tit s n\u00e1vrhem na exekuci\/v\u00fdkon rozhodnut\u00ed?<\/i>, Hospod\u00e1\u0159i, 3, 2007, \u010d. 9, s. 60 \u2013 61.<\/li>\n<li><b> Schelle, K., jr.<\/b> \u2013 Lamka, R.: <i>Jak prob\u00edh\u00e1 exekuce prodejem v\u011bc\u00ed<\/i>, Hospod\u00e1\u0159i, 3, 2007, zima, s. 116 \u2013 117.<\/li>\n<li><b> Schelle, K., jr.<\/b> \u2013 Lamka, R.: <i>Kapitoly z nov\u00e9ho insolven\u010dn\u00edho pr\u00e1va I. (Co je to tzv. odporovatelnost?)<\/i>, Hospod\u00e1\u0159i, 4, 2008, \u010d. 1, s. 58 \u2013 59.<\/li>\n<li><b> Schelle, K., jr.<\/b> \u2013 Lamka, R.: <i>Kapitoly z nov\u00e9ho insolventn\u00edho pr\u00e1va II. (Co je to insolven\u010dn\u00ed zp\u016fsobilost)<\/i>, Hospod\u00e1\u0159i, 4, 2008, \u010d. 2, s. 58 \u2013 59.<\/li>\n<\/ol>\n","protected":false},"excerpt":{"rendered":"<p>PUBLIKA\u010cN\u00cd \u010cINNOST &#8211; \u010cl\u00e1nky v denn\u00edm tisku JUDr. Karel Schelle, jr., LL.M. Schelle, K.: M\u016f\u017eeme sv\u00e9ho potomka vyd\u011bdit?, New Express, 5, 2003, \u010d. 11, s. 23. Schelle, K.: Co d\u011blat, kdy\u017e mi soused\u016fv pes vnik\u00e1 na m\u016fj pozemek?, New Express, &hellip; <a href=\"https:\/\/www.schelle.cz\/?page_id=117\">Cel\u00fd p\u0159\u00edsp\u011bvek <span class=\"meta-nav\">&rarr;<\/span><\/a><\/p>\n","protected":false},"author":1,"featured_media":0,"parent":367,"menu_order":5,"comment_status":"closed","ping_status":"closed","template":"","meta":{"footnotes":""},"class_list":["post-117","page","type-page","status-publish","hentry"],"_links":{"self":[{"href":"https:\/\/www.schelle.cz\/index.php?rest_route=\/wp\/v2\/pages\/117","targetHints":{"allow":["GET"]}}],"collection":[{"href":"https:\/\/www.schelle.cz\/index.php?rest_route=\/wp\/v2\/pages"}],"about":[{"href":"https:\/\/www.schelle.cz\/index.php?rest_route=\/wp\/v2\/types\/page"}],"author":[{"embeddable":true,"href":"https:\/\/www.schelle.cz\/index.php?rest_route=\/wp\/v2\/users\/1"}],"replies":[{"embeddable":true,"href":"https:\/\/www.schelle.cz\/index.php?rest_route=%2Fwp%2Fv2%2Fcomments&post=117"}],"version-history":[{"count":2,"href":"https:\/\/www.schelle.cz\/index.php?rest_route=\/wp\/v2\/pages\/117\/revisions"}],"predecessor-version":[{"id":386,"href":"https:\/\/www.schelle.cz\/index.php?rest_route=\/wp\/v2\/pages\/117\/revisions\/386"}],"up":[{"embeddable":true,"href":"https:\/\/www.schelle.cz\/index.php?rest_route=\/wp\/v2\/pages\/367"}],"wp:attachment":[{"href":"https:\/\/www.schelle.cz\/index.php?rest_route=%2Fwp%2Fv2%2Fmedia&parent=117"}],"curies":[{"name":"wp","href":"https:\/\/api.w.org\/{rel}","templated":true}]}}