{"id":119,"date":"2015-04-21T14:26:20","date_gmt":"2015-04-21T13:26:20","guid":{"rendered":"http:\/\/www.schelle.cz\/?page_id=119"},"modified":"2025-05-14T12:52:34","modified_gmt":"2025-05-14T11:52:34","slug":"kontakty","status":"publish","type":"page","link":"https:\/\/www.schelle.cz\/?page_id=119","title":{"rendered":"KONTAKT"},"content":{"rendered":"<h5>Kontakty<\/h5>\n<div class=\"row-fluid\">\n<div class=\"span5\">\n<h3>Kancel\u00e1\u0159 (adresa pro doru\u010dov\u00e1n\u00ed):<\/h3>\n<\/div>\n<div class=\"span7\">\n<div class=\"kontakt\">\n<p>Ambro\u017eova 6 , 635 00 Brno, \u010cesk\u00e1 republika<\/p>\n<\/div>\n<\/div>\n<\/div>\n<div class=\"row-fluid\">\n<div class=\"span5\">\n<h3>Pobo\u010dka:<\/h3>\n<\/div>\n<div class=\"span7\">\n<div class=\"kontakt\">\n<p>Folt\u00fdnova 37, 635 00 Brno, \u010cesk\u00e1 republika<\/p>\n<\/div>\n<\/div>\n<\/div>\n<hr noshade=\"noshade\" \/>\n<h5>\u010clenov\u00e9 advok\u00e1tn\u00ed kancel\u00e1\u0159e<\/h5>\n<h3>Doc.\u00a0JUDr.\u00a0Karel\u00a0Schelle,\u00a0CSc.<\/h3>\n<div class=\"row-fluid\">\n<div class=\"span5\">\n<div class=\"kontakt\">mobil. telefon:<br \/>\ne-mail:<\/div>\n<\/div>\n<div class=\"span5\">\n<div class=\"kontakt\">+420 603 205 759<br \/>\n<a href=\"mailto:karel.schelle@schelle.cz\">karel.schelle@schelle.cz<\/a><\/div>\n<\/div>\n<\/div>\n<h3>JUDr. Karel Schelle, jr.<\/h3>\n<div class=\"row-fluid\">\n<div class=\"span5\">\n<div class=\"kontakt\">mobil. telefon:<br \/>\ne-mail:<\/div>\n<\/div>\n<div class=\"span5\">\n<div class=\"kontakt\">+420 603 277 652<br \/>\n<a href=\"mailto:schelle.jr@schelle.cz\">schelle.jr@schelle.cz<\/a><\/div>\n<\/div>\n<\/div>\n<hr noshade=\"noshade\" \/>\n<h5>\u00da\u0159edn\u00ed hodiny<\/h5>\n<div class=\"row-fluid\">\n<div class=\"span5\">\n<div class=\"kontakt\">\u00dater\u00fd a P\u00e1tek<\/div>\n<\/div>\n<div class=\"span5\">\n<div class=\"kontakt\">8,00 \u2013 10,00 hod.<\/div>\n<\/div>\n<\/div>\n<p>V jin\u00e9 dny a v jin\u00fd \u010das v\u017edy dle p\u0159edchoz\u00ed osobn\u00ed domluvy.<\/p>\n<p>na tel:\u00a0+420 603 277 652<\/p>\n<hr noshade=\"noshade\" \/>\n<h5>Mapa<\/h5>\n<p><iframe src=\"https:\/\/www.google.com\/maps\/embed?pb=!1m18!1m12!1m3!1d2606.211892233743!2d16.50578797558642!3d49.21550847138279!2m3!1f0!2f0!3f0!3m2!1i1024!2i768!4f13.1!3m3!1m2!1s0x4712971de7b44f5b%3A0x402b4bcad2c2d73b!2sFolt%C3%BDnova%201016%2F37%2C%20635%2000%20Brno-Bystrc!5e0!3m2!1scs!2scz!4v1747223502960!5m2!1scs!2scz\" width=\"600\" height=\"450\" style=\"border:0;\" allowfullscreen=\"\" loading=\"lazy\" referrerpolicy=\"no-referrer-when-downgrade\"><\/iframe><\/p>\n","protected":false},"excerpt":{"rendered":"<p>Kontakty Kancel\u00e1\u0159 (adresa pro doru\u010dov\u00e1n\u00ed): Ambro\u017eova 6 , 635 00 Brno, \u010cesk\u00e1 republika Pobo\u010dka: Folt\u00fdnova 37, 635 00 Brno, \u010cesk\u00e1 republika \u010clenov\u00e9 advok\u00e1tn\u00ed kancel\u00e1\u0159e Doc.\u00a0JUDr.\u00a0Karel\u00a0Schelle,\u00a0CSc. mobil. telefon: e-mail: +420 603 205 759 karel.schelle@schelle.cz JUDr. Karel Schelle, jr. mobil. telefon: e-mail: &hellip; <a href=\"https:\/\/www.schelle.cz\/?page_id=119\">Cel\u00fd p\u0159\u00edsp\u011bvek <span class=\"meta-nav\">&rarr;<\/span><\/a><\/p>\n","protected":false},"author":1,"featured_media":0,"parent":0,"menu_order":6,"comment_status":"closed","ping_status":"closed","template":"","meta":{"footnotes":""},"class_list":["post-119","page","type-page","status-publish","hentry"],"_links":{"self":[{"href":"https:\/\/www.schelle.cz\/index.php?rest_route=\/wp\/v2\/pages\/119","targetHints":{"allow":["GET"]}}],"collection":[{"href":"https:\/\/www.schelle.cz\/index.php?rest_route=\/wp\/v2\/pages"}],"about":[{"href":"https:\/\/www.schelle.cz\/index.php?rest_route=\/wp\/v2\/types\/page"}],"author":[{"embeddable":true,"href":"https:\/\/www.schelle.cz\/index.php?rest_route=\/wp\/v2\/users\/1"}],"replies":[{"embeddable":true,"href":"https:\/\/www.schelle.cz\/index.php?rest_route=%2Fwp%2Fv2%2Fcomments&post=119"}],"version-history":[{"count":28,"href":"https:\/\/www.schelle.cz\/index.php?rest_route=\/wp\/v2\/pages\/119\/revisions"}],"predecessor-version":[{"id":507,"href":"https:\/\/www.schelle.cz\/index.php?rest_route=\/wp\/v2\/pages\/119\/revisions\/507"}],"wp:attachment":[{"href":"https:\/\/www.schelle.cz\/index.php?rest_route=%2Fwp%2Fv2%2Fmedia&parent=119"}],"curies":[{"name":"wp","href":"https:\/\/api.w.org\/{rel}","templated":true}]}}