{"id":14,"date":"2015-04-21T13:23:11","date_gmt":"2015-04-21T12:23:11","guid":{"rendered":"http:\/\/www.schelle.cz\/?page_id=14"},"modified":"2025-05-14T12:12:18","modified_gmt":"2025-05-14T11:12:18","slug":"judr-karel-schelle-jr-ll-m-mba","status":"publish","type":"page","link":"https:\/\/www.schelle.cz\/?page_id=14","title":{"rendered":"JUDr. Karel Schelle, jr., LL.M., MBA"},"content":{"rendered":"<h2>JUDr. Karel Schelle, jr., LL.M., MBA<\/h2>\n<div class=\"kontakt\">Narozen\u00a0 24. 6. 1977<\/div>\n<hr noshade=\"noshade\" \/>\n<p><img loading=\"lazy\" decoding=\"async\" class=\"alignright size-full wp-image-307\" src=\"http:\/\/www.schelle.cz\/wp-content\/uploads\/2015\/04\/Karel.jpg\" alt=\"Karel\" width=\"133\" height=\"200\" \/><\/p>\n<h6>Kvalifikace<\/h6>\n<p class=\"sluzby\">2000\u00a0&#8211; Ukon\u010den\u00ed vysoko\u0161kolsk\u00e9ho studia na Pr\u00e1vnick\u00e9 fakult\u011b Masarykovy univerzity v Brn\u011b z\u00edsk\u00e1n\u00ed titulu \u201eMgr.\u201c<br \/>\n2002\u00a0&#8211; Rigor\u00f3zn\u00ed zkou\u0161ka a z\u00edsk\u00e1n\u00ed titulu \u201eJUDr.\u201c<br \/>\n2010 \u2013 Ukon\u010den\u00ed studia na vysok\u00e9 \u0161kole Brno International Business School a z\u00edsk\u00e1n\u00ed titulu \u201eLL.M.\u201c britsk\u00e9 vysok\u00e9 \u0161koly Nottingham Trent University<\/p>\n<h6>Profesn\u00ed p\u0159\u00edslu\u0161nost<\/h6>\n<p class=\"sluzby\">2000 &#8211; dosud \u010cesk\u00e1 advok\u00e1tn\u00ed komora<br \/>\n2000 &#8211; dosud &#8211; rozhodce provozuj\u00edc\u00ed \u010dinnost dle z\u00e1kona \u010d. 216\/1994 Sb. v platn\u00e9m zn\u011bn\u00ed<\/p>\n<p class=\"sluzby\">od roku 2015 &#8211; \u010dlen Unie obh\u00e1jc\u016f \u010cesk\u00e9 republiky<\/p>\n","protected":false},"excerpt":{"rendered":"<p>JUDr. Karel Schelle, jr., LL.M., MBA Narozen\u00a0 24. 6. 1977 Kvalifikace 2000\u00a0&#8211; Ukon\u010den\u00ed vysoko\u0161kolsk\u00e9ho studia na Pr\u00e1vnick\u00e9 fakult\u011b Masarykovy univerzity v Brn\u011b z\u00edsk\u00e1n\u00ed titulu \u201eMgr.\u201c 2002\u00a0&#8211; Rigor\u00f3zn\u00ed zkou\u0161ka a z\u00edsk\u00e1n\u00ed titulu \u201eJUDr.\u201c 2010 \u2013 Ukon\u010den\u00ed studia na vysok\u00e9 \u0161kole Brno &hellip; <a href=\"https:\/\/www.schelle.cz\/?page_id=14\">Cel\u00fd p\u0159\u00edsp\u011bvek <span class=\"meta-nav\">&rarr;<\/span><\/a><\/p>\n","protected":false},"author":1,"featured_media":0,"parent":10,"menu_order":2,"comment_status":"closed","ping_status":"closed","template":"","meta":{"footnotes":""},"class_list":["post-14","page","type-page","status-publish","hentry"],"_links":{"self":[{"href":"https:\/\/www.schelle.cz\/index.php?rest_route=\/wp\/v2\/pages\/14","targetHints":{"allow":["GET"]}}],"collection":[{"href":"https:\/\/www.schelle.cz\/index.php?rest_route=\/wp\/v2\/pages"}],"about":[{"href":"https:\/\/www.schelle.cz\/index.php?rest_route=\/wp\/v2\/types\/page"}],"author":[{"embeddable":true,"href":"https:\/\/www.schelle.cz\/index.php?rest_route=\/wp\/v2\/users\/1"}],"replies":[{"embeddable":true,"href":"https:\/\/www.schelle.cz\/index.php?rest_route=%2Fwp%2Fv2%2Fcomments&post=14"}],"version-history":[{"count":6,"href":"https:\/\/www.schelle.cz\/index.php?rest_route=\/wp\/v2\/pages\/14\/revisions"}],"predecessor-version":[{"id":306,"href":"https:\/\/www.schelle.cz\/index.php?rest_route=\/wp\/v2\/pages\/14\/revisions\/306"}],"up":[{"embeddable":true,"href":"https:\/\/www.schelle.cz\/index.php?rest_route=\/wp\/v2\/pages\/10"}],"wp:attachment":[{"href":"https:\/\/www.schelle.cz\/index.php?rest_route=%2Fwp%2Fv2%2Fmedia&parent=14"}],"curies":[{"name":"wp","href":"https:\/\/api.w.org\/{rel}","templated":true}]}}