{"id":16,"date":"2015-04-21T13:24:08","date_gmt":"2015-04-21T12:24:08","guid":{"rendered":"http:\/\/www.schelle.cz\/?page_id=16"},"modified":"2015-04-24T12:55:12","modified_gmt":"2015-04-24T11:55:12","slug":"nabidka-sluzeb","status":"publish","type":"page","link":"https:\/\/www.schelle.cz\/?page_id=16","title":{"rendered":"NAB\u00cdDKA SLU\u017dEB"},"content":{"rendered":"<h5>NAB\u00cdDKA SLU\u017dEB<\/h5>\n<ul>\n<li><a href=\"http:\/\/www.schelle.cz\/?page_id=18\" title=\"Ob\u010dansk\u00e9 pr\u00e1vo hmotn\u00e9 a procesn\u00ed, v\u010detn\u011b pr\u00e1va rodinn\u00e9ho\">OB\u010cANSK\u00c9 PR\u00c1VO HMOTN\u00c9 A PROCESN\u00cd<\/a><\/li>\n<li><a href=\"http:\/\/www.schelle.cz\/?page_id=20\" title=\"Obchodn\u00ed pr\u00e1vo\">OBCHODN\u00cd PR\u00c1VO<\/a><\/li>\n<li><a href=\"http:\/\/www.schelle.cz\/?page_id=22\" title=\"Likvidace obchodn\u00edch spole\u010dnost\u00ed a dru\u017estev\">LIKVIDACE OBCH. SPOLE\u010cNOST\u00cd A DRU\u017dSTEV<\/a><\/li>\n<li><a href=\"http:\/\/www.schelle.cz\/?page_id=24\" title=\"Insolven\u010dn\u00ed \u0159\u00edzen\u00ed\">INSOLVEN\u010cN\u00cd \u0158\u00cdZEN\u00cd<\/a><\/li>\n<li><a href=\"http:\/\/www.schelle.cz\/?page_id=36\" title=\"Rozhod\u010d\u00ed \u0159\u00edzen\u00ed\">ROZHOD\u010c\u00cd \u0158\u00cdZEN\u00cd<\/a><\/li>\n<li><a href=\"http:\/\/www.schelle.cz\/?page_id=43\" title=\"Pracovn\u00ed pr\u00e1vo\">PRACOVN\u00cd PR\u00c1VO<\/a><\/li>\n<li><a href=\"http:\/\/www.schelle.cz\/?page_id=45\" title=\"Trestn\u00ed pr\u00e1vo\">TRESTN\u00cd PR\u00c1VO<\/a><\/li>\n<li><a href=\"http:\/\/www.schelle.cz\/?page_id=47\" title=\"Spr\u00e1vn\u00ed pr\u00e1vo\">SPR\u00c1VN\u00cd PR\u00c1VO<\/a><\/li>\n<li><a href=\"http:\/\/www.schelle.cz\/?page_id=49\" title=\"Zastupov\u00e1n\u00ed v \u0159\u00edzen\u00ed p\u0159ed \u00dastavn\u00edm soudem\">ZASTUPOV\u00c1N\u00cd V \u0158\u00cdZEN\u00cd P\u0158ED \u00daST. SOUDEM<\/a><\/li>\n<li><a href=\"http:\/\/www.schelle.cz\/?page_id=51\" title=\"Odborn\u00e9 pr\u00e1vn\u00ed expert\u00edzy\">ODBORN\u00c9 PR\u00c1VN\u00cd EXPERT\u00cdZY<\/a><\/li>\n<li><a href=\"http:\/\/www.schelle.cz\/?page_id=53\" title=\"Organizace ve\u0159ejn\u00fdch obchodn\u00edch sout\u011b\u017e\u00ed a v\u00fdb\u011brov\u00fdch \u0159\u00edzen\u00ed\">ORGANIZACE SOUT\u011a\u017d\u00cd A V\u00ddB\u011aROV\u00ddCH \u0158\u00cdZEN\u00cd<\/a><\/li>\n<li><a href=\"http:\/\/www.schelle.cz\/?page_id=55\" title=\"P\u0159edn\u00e1\u0161kov\u00e1 a lektorsk\u00e1 \u010dinnost\">P\u0158EDN\u00c1\u0160KOV\u00c1 A LEKTORSK\u00c1 \u010cINNOST<\/a><\/li>\n<li><a href=\"http:\/\/www.schelle.cz\/?page_id=57\" title=\"Poradensk\u00e1 a konzulta\u010dn\u00ed \u010dinnost\">PORADENSK\u00c1 A KONZULTA\u010cN\u00cd \u010cINNOST<\/a><\/li>\n<li><a href=\"http:\/\/www.schelle.cz\/?page_id=59\" title=\"Advok\u00e1tn\u00ed \u00faschovy\">ADVOK\u00c1TN\u00cd \u00daSCHOVY<\/a><\/li>\n<\/ul>\n<p>&nbsp;<br \/>\n&nbsp;<br \/>\n&nbsp;<br \/>\n&nbsp;<br \/>\n&nbsp;<br \/>\n&nbsp;<br \/>\n&nbsp;<br \/>\n&nbsp;<br \/>\n&nbsp;<br \/>\n&nbsp;<br \/>\n&nbsp;<br \/>\n&nbsp;<br \/>\n&nbsp;<br \/>\n&nbsp;<br \/>\n&nbsp;<br \/>\n&nbsp;<\/p>\n","protected":false},"excerpt":{"rendered":"<p>NAB\u00cdDKA SLU\u017dEB OB\u010cANSK\u00c9 PR\u00c1VO HMOTN\u00c9 A PROCESN\u00cd OBCHODN\u00cd PR\u00c1VO LIKVIDACE OBCH. SPOLE\u010cNOST\u00cd A DRU\u017dSTEV INSOLVEN\u010cN\u00cd \u0158\u00cdZEN\u00cd ROZHOD\u010c\u00cd \u0158\u00cdZEN\u00cd PRACOVN\u00cd PR\u00c1VO TRESTN\u00cd PR\u00c1VO SPR\u00c1VN\u00cd PR\u00c1VO ZASTUPOV\u00c1N\u00cd V \u0158\u00cdZEN\u00cd P\u0158ED \u00daST. SOUDEM ODBORN\u00c9 PR\u00c1VN\u00cd EXPERT\u00cdZY ORGANIZACE SOUT\u011a\u017d\u00cd A V\u00ddB\u011aROV\u00ddCH \u0158\u00cdZEN\u00cd P\u0158EDN\u00c1\u0160KOV\u00c1 A &hellip; <a href=\"https:\/\/www.schelle.cz\/?page_id=16\">Cel\u00fd p\u0159\u00edsp\u011bvek <span class=\"meta-nav\">&rarr;<\/span><\/a><\/p>\n","protected":false},"author":1,"featured_media":0,"parent":0,"menu_order":3,"comment_status":"closed","ping_status":"closed","template":"","meta":{"footnotes":""},"class_list":["post-16","page","type-page","status-publish","hentry"],"_links":{"self":[{"href":"https:\/\/www.schelle.cz\/index.php?rest_route=\/wp\/v2\/pages\/16","targetHints":{"allow":["GET"]}}],"collection":[{"href":"https:\/\/www.schelle.cz\/index.php?rest_route=\/wp\/v2\/pages"}],"about":[{"href":"https:\/\/www.schelle.cz\/index.php?rest_route=\/wp\/v2\/types\/page"}],"author":[{"embeddable":true,"href":"https:\/\/www.schelle.cz\/index.php?rest_route=\/wp\/v2\/users\/1"}],"replies":[{"embeddable":true,"href":"https:\/\/www.schelle.cz\/index.php?rest_route=%2Fwp%2Fv2%2Fcomments&post=16"}],"version-history":[{"count":5,"href":"https:\/\/www.schelle.cz\/index.php?rest_route=\/wp\/v2\/pages\/16\/revisions"}],"predecessor-version":[{"id":568,"href":"https:\/\/www.schelle.cz\/index.php?rest_route=\/wp\/v2\/pages\/16\/revisions\/568"}],"wp:attachment":[{"href":"https:\/\/www.schelle.cz\/index.php?rest_route=%2Fwp%2Fv2%2Fmedia&parent=16"}],"curies":[{"name":"wp","href":"https:\/\/api.w.org\/{rel}","templated":true}]}}