{"id":18,"date":"2015-04-21T13:25:15","date_gmt":"2015-04-21T12:25:15","guid":{"rendered":"http:\/\/www.schelle.cz\/?page_id=18"},"modified":"2015-04-24T08:40:45","modified_gmt":"2015-04-24T07:40:45","slug":"obcanske-pravo-hmotne-a-procesni-vcetne-prava-rodinneho","status":"publish","type":"page","link":"https:\/\/www.schelle.cz\/?page_id=18","title":{"rendered":"Ob\u010dansk\u00e9 pr\u00e1vo hmotn\u00e9 a procesn\u00ed, v\u010detn\u011b pr\u00e1va rodinn\u00e9ho"},"content":{"rendered":"<p><img loading=\"lazy\" decoding=\"async\" src=\"http:\/\/www.schelle.cz\/wp-content\/uploads\/2015\/04\/dot2.gif\" alt=\"dot2\" width=\"18\" height=\"40\" class=\"alignleft\" \/><\/p>\n<h6>OB\u010cANSK\u00c9 PR\u00c1VO HMOTN\u00c9 A PROCESN\u00cd, V\u010cETN\u011a PR\u00c1VA RODINN\u00c9HO<\/h6>\n<p class=\"sluzby\">Sepis \u017ealob a zastupov\u00e1n\u00ed v \u0159\u00edzen\u00ed p\u0159ed soudy v\u0161ech stup\u0148\u016f, v\u010detn\u011b \u00dastavn\u00edho soudu \u010cR i mezin\u00e1rodn\u00edch soud\u016f, pod\u00e1v\u00e1n\u00ed \u0159\u00e1dn\u00fdch i mimo\u0159\u00e1dn\u00fdch opravn\u00fdch prost\u0159edk\u016f, \u00fastavn\u00edch st\u00ed\u017enost\u00ed, pod\u00e1n\u00ed k mezin\u00e1rodn\u00edm soud\u016fm, uzav\u00edr\u00e1n\u00ed sm\u00edr\u016f a narovn\u00e1n\u00ed, sepis ve\u0161ker\u00fdch ob\u010danskopr\u00e1vn\u00edch dohod a smluv, zastupov\u00e1n\u00ed v \u0159\u00edzen\u00ed p\u0159ed katastr\u00e1ln\u00edmi \u00fa\u0159ady v\u010detn\u011b sepis\u016f p\u0159\u00edslu\u0161n\u00fdch pod\u00e1n\u00ed, zastupov\u00e1n\u00ed ve v\u011bcech t\u00fdkaj\u00edc\u00edch se rodinn\u011bpr\u00e1vn\u00edch vztah\u016f v\u010detn\u011b sepis\u016f v\u0161ech pod\u00e1n\u00ed, zastupov\u00e1n\u00ed v d\u011bdick\u00e9m \u0159\u00edzen\u00ed, v sousedsk\u00fdch sporech, zastupov\u00e1n\u00ed ve v\u011bcech ochrany osobnosti v\u0161ech ob\u010danskopr\u00e1vn\u00edch subjekt\u016f v\u010detn\u011b sepis\u016f v\u0161ech pod\u00e1n\u00ed, sepisy pojistn\u00fdch smluv i dal\u0161\u00edch dokument\u016f t\u00fdkaj\u00edc\u00edch se poji\u0161\u0165ovnictv\u00ed a zastupov\u00e1n\u00ed pojistn\u00fdch subjekt\u016f dle z\u00e1kona o poji\u0161\u0165ovnictv\u00ed, jako\u017e i poskytov\u00e1n\u00ed pr\u00e1vn\u00edch slu\u017eeb p\u0159i \u0159e\u0161en\u00ed dal\u0161\u00edch ob\u010danskopr\u00e1vn\u00edch probl\u00e9m\u016f. \u010clenov\u00e9 advok\u00e1tn\u00ed kancel\u00e1\u0159e tak\u00e9 sepisuj\u00ed pr\u00e1vn\u00ed stanoviska\/expert\u00edzy vztahuj\u00edc\u00ed se ke v\u0161em v\u00fd\u0161e uveden\u00fdm pr\u00e1vn\u00edm okruh\u016fm, je\u017e mohou slou\u017eit vzhledem k vysok\u00e9 odbornosti \u010dlen\u016f kancel\u00e1\u0159e jako d\u016fkazn\u00ed materi\u00e1ly v soudn\u00edch \u010di rozhod\u010d\u00edch sporech.<\/p>\n<p>&nbsp;<br \/>\n&nbsp;<br \/>\n&nbsp;<br \/>\n&nbsp;<br \/>\n&nbsp;<br \/>\n&nbsp;<br \/>\n&nbsp;<br \/>\n&nbsp;<br \/>\n&nbsp;<br \/>\n&nbsp;<br \/>\n&nbsp;<br \/>\n&nbsp;<br \/>\n&nbsp;<br \/>\n&nbsp;<br \/>\n&nbsp;<br \/>\n&nbsp;<br \/>\n&nbsp;<br \/>\n&nbsp;<br \/>\n&nbsp;<br \/>\n&nbsp;<br \/>\n&nbsp;<br \/>\n&nbsp;<\/p>\n","protected":false},"excerpt":{"rendered":"<p>OB\u010cANSK\u00c9 PR\u00c1VO HMOTN\u00c9 A PROCESN\u00cd, V\u010cETN\u011a PR\u00c1VA RODINN\u00c9HO Sepis \u017ealob a zastupov\u00e1n\u00ed v \u0159\u00edzen\u00ed p\u0159ed soudy v\u0161ech stup\u0148\u016f, v\u010detn\u011b \u00dastavn\u00edho soudu \u010cR i mezin\u00e1rodn\u00edch soud\u016f, pod\u00e1v\u00e1n\u00ed \u0159\u00e1dn\u00fdch i mimo\u0159\u00e1dn\u00fdch opravn\u00fdch prost\u0159edk\u016f, \u00fastavn\u00edch st\u00ed\u017enost\u00ed, pod\u00e1n\u00ed k mezin\u00e1rodn\u00edm soud\u016fm, uzav\u00edr\u00e1n\u00ed sm\u00edr\u016f a &hellip; <a href=\"https:\/\/www.schelle.cz\/?page_id=18\">Cel\u00fd p\u0159\u00edsp\u011bvek <span class=\"meta-nav\">&rarr;<\/span><\/a><\/p>\n","protected":false},"author":1,"featured_media":0,"parent":16,"menu_order":1,"comment_status":"closed","ping_status":"closed","template":"","meta":{"footnotes":""},"class_list":["post-18","page","type-page","status-publish","hentry"],"_links":{"self":[{"href":"https:\/\/www.schelle.cz\/index.php?rest_route=\/wp\/v2\/pages\/18","targetHints":{"allow":["GET"]}}],"collection":[{"href":"https:\/\/www.schelle.cz\/index.php?rest_route=\/wp\/v2\/pages"}],"about":[{"href":"https:\/\/www.schelle.cz\/index.php?rest_route=\/wp\/v2\/types\/page"}],"author":[{"embeddable":true,"href":"https:\/\/www.schelle.cz\/index.php?rest_route=\/wp\/v2\/users\/1"}],"replies":[{"embeddable":true,"href":"https:\/\/www.schelle.cz\/index.php?rest_route=%2Fwp%2Fv2%2Fcomments&post=18"}],"version-history":[{"count":10,"href":"https:\/\/www.schelle.cz\/index.php?rest_route=\/wp\/v2\/pages\/18\/revisions"}],"predecessor-version":[{"id":554,"href":"https:\/\/www.schelle.cz\/index.php?rest_route=\/wp\/v2\/pages\/18\/revisions\/554"}],"up":[{"embeddable":true,"href":"https:\/\/www.schelle.cz\/index.php?rest_route=\/wp\/v2\/pages\/16"}],"wp:attachment":[{"href":"https:\/\/www.schelle.cz\/index.php?rest_route=%2Fwp%2Fv2%2Fmedia&parent=18"}],"curies":[{"name":"wp","href":"https:\/\/api.w.org\/{rel}","templated":true}]}}