{"id":20,"date":"2015-04-21T13:25:48","date_gmt":"2015-04-21T12:25:48","guid":{"rendered":"http:\/\/www.schelle.cz\/?page_id=20"},"modified":"2015-04-24T08:55:42","modified_gmt":"2015-04-24T07:55:42","slug":"obchodni-pravo","status":"publish","type":"page","link":"https:\/\/www.schelle.cz\/?page_id=20","title":{"rendered":"Obchodn\u00ed pr\u00e1vo"},"content":{"rendered":"<p><img loading=\"lazy\" decoding=\"async\" src=\"http:\/\/www.schelle.cz\/wp-content\/uploads\/2015\/04\/dot2.gif\" alt=\"dot2\" width=\"18\" height=\"40\" class=\"alignleft\" \/><\/p>\n<h6>OBCHODN\u00cd PR\u00c1VO<\/h6>\n<p class=\"sluzby\">Zakl\u00e1d\u00e1n\u00ed, zm\u011bny a likvidace obchodn\u00edch spole\u010dnost\u00ed, dru\u017estev a dal\u0161\u00edch subjekt\u016f zapsan\u00fdch do obchodn\u00edho \u010di jin\u00e9ho rejst\u0159\u00edku\/registru, sepis obchodn\u00edch smluv a dohod, sepis \u017ealob s obchodn\u011bpr\u00e1vn\u00ed problematikou a zastupov\u00e1n\u00ed v \u0159\u00edzen\u00ed p\u0159ed soudy i rozhod\u010d\u00edmi org\u00e1ny, v\u010detn\u011b \u0159\u00edzen\u00ed ve v\u011bcech obchodn\u00edho rejst\u0159\u00edku. \u0158e\u0161en\u00ed pr\u00e1vn\u00edch probl\u00e9m\u016f z oblasti sout\u011b\u017en\u00edho pr\u00e1va, v\u010detn\u011b zastupov\u00e1n\u00ed v \u0159\u00edzen\u00ed p\u0159ed \u00da\u0159adem pro hospod\u00e1\u0159skou sout\u011b\u017e, jako\u017e i poskytov\u00e1n\u00ed pr\u00e1vn\u00edch slu\u017eeb p\u0159i \u0159e\u0161en\u00ed dal\u0161\u00edch obchodn\u011bpr\u00e1vn\u00edch probl\u00e9m\u016f, v\u010detn\u011b spor\u016f t\u00fdkaj\u00edc\u00edch se cenn\u00fdch pap\u00edr\u016f. Zastupov\u00e1n\u00ed i \u0159e\u0161en\u00ed problematiky \u017eivnostensk\u00fdch opr\u00e1vn\u011bn\u00ed. Advok\u00e1tn\u00ed kancel\u00e1\u0159 zastupuje \u0159adu subjekt\u016f pro n\u011b\u017e vym\u00e1h\u00e1 pohled\u00e1vky a zaji\u0161\u0165uje lep\u0161\u00ed vymahatelnost pohled\u00e1vek klient\u016f v budoucnu.<\/p>\n<p>&nbsp;<br \/>\n&nbsp;<br \/>\n&nbsp;<br \/>\n&nbsp;<br \/>\n&nbsp;<br \/>\n&nbsp;<br \/>\n&nbsp;<br \/>\n&nbsp;<br \/>\n&nbsp;<br \/>\n&nbsp;<br \/>\n&nbsp;<br \/>\n&nbsp;<br \/>\n&nbsp;<br \/>\n&nbsp;<br \/>\n&nbsp;<br \/>\n&nbsp;<br \/>\n&nbsp;<br \/>\n&nbsp;<br \/>\n&nbsp;<br \/>\n&nbsp;<br \/>\n&nbsp;<br \/>\n&nbsp;<br \/>\n&nbsp;<br \/>\n&nbsp;<br \/>\n&nbsp;<\/p>\n","protected":false},"excerpt":{"rendered":"<p>OBCHODN\u00cd PR\u00c1VO Zakl\u00e1d\u00e1n\u00ed, zm\u011bny a likvidace obchodn\u00edch spole\u010dnost\u00ed, dru\u017estev a dal\u0161\u00edch subjekt\u016f zapsan\u00fdch do obchodn\u00edho \u010di jin\u00e9ho rejst\u0159\u00edku\/registru, sepis obchodn\u00edch smluv a dohod, sepis \u017ealob s obchodn\u011bpr\u00e1vn\u00ed problematikou a zastupov\u00e1n\u00ed v \u0159\u00edzen\u00ed p\u0159ed soudy i rozhod\u010d\u00edmi org\u00e1ny, v\u010detn\u011b \u0159\u00edzen\u00ed ve &hellip; <a href=\"https:\/\/www.schelle.cz\/?page_id=20\">Cel\u00fd p\u0159\u00edsp\u011bvek <span class=\"meta-nav\">&rarr;<\/span><\/a><\/p>\n","protected":false},"author":1,"featured_media":0,"parent":16,"menu_order":2,"comment_status":"closed","ping_status":"closed","template":"","meta":{"footnotes":""},"class_list":["post-20","page","type-page","status-publish","hentry"],"_links":{"self":[{"href":"https:\/\/www.schelle.cz\/index.php?rest_route=\/wp\/v2\/pages\/20","targetHints":{"allow":["GET"]}}],"collection":[{"href":"https:\/\/www.schelle.cz\/index.php?rest_route=\/wp\/v2\/pages"}],"about":[{"href":"https:\/\/www.schelle.cz\/index.php?rest_route=\/wp\/v2\/types\/page"}],"author":[{"embeddable":true,"href":"https:\/\/www.schelle.cz\/index.php?rest_route=\/wp\/v2\/users\/1"}],"replies":[{"embeddable":true,"href":"https:\/\/www.schelle.cz\/index.php?rest_route=%2Fwp%2Fv2%2Fcomments&post=20"}],"version-history":[{"count":10,"href":"https:\/\/www.schelle.cz\/index.php?rest_route=\/wp\/v2\/pages\/20\/revisions"}],"predecessor-version":[{"id":559,"href":"https:\/\/www.schelle.cz\/index.php?rest_route=\/wp\/v2\/pages\/20\/revisions\/559"}],"up":[{"embeddable":true,"href":"https:\/\/www.schelle.cz\/index.php?rest_route=\/wp\/v2\/pages\/16"}],"wp:attachment":[{"href":"https:\/\/www.schelle.cz\/index.php?rest_route=%2Fwp%2Fv2%2Fmedia&parent=20"}],"curies":[{"name":"wp","href":"https:\/\/api.w.org\/{rel}","templated":true}]}}