{"id":22,"date":"2015-04-21T13:26:19","date_gmt":"2015-04-21T12:26:19","guid":{"rendered":"http:\/\/www.schelle.cz\/?page_id=22"},"modified":"2015-04-24T08:57:56","modified_gmt":"2015-04-24T07:57:56","slug":"likvidace-obchodnich-spolecnosti-a-druzstev","status":"publish","type":"page","link":"https:\/\/www.schelle.cz\/?page_id=22","title":{"rendered":"Likvidace obchodn\u00edch spole\u010dnost\u00ed a dru\u017estev"},"content":{"rendered":"<p><img loading=\"lazy\" decoding=\"async\" src=\"http:\/\/www.schelle.cz\/wp-content\/uploads\/2015\/04\/dot2.gif\" alt=\"dot2\" width=\"18\" height=\"40\" class=\"alignleft\" \/><\/p>\n<h6>LIKVIDACE OBCHODN\u00cdCH SPOLE\u010cNOST\u00cd A DRU\u017dSTEV<\/h6>\n<p class=\"sluzby\">\u0158e\u0161en\u00ed krizov\u00fdch situac\u00ed obchodn\u00edch spole\u010dnost\u00ed a dru\u017estev, v\u010detn\u011b jejich likvidace nebo prodeje.<\/p>\n<p>&nbsp;<br \/>\n&nbsp;<br \/>\n&nbsp;<br \/>\n&nbsp;<br \/>\n&nbsp;<br \/>\n&nbsp;<br \/>\n&nbsp;<br \/>\n&nbsp;<br \/>\n&nbsp;<br \/>\n&nbsp;<br \/>\n&nbsp;<br \/>\n&nbsp;<br \/>\n&nbsp;<br \/>\n&nbsp;<br \/>\n&nbsp;<br \/>\n&nbsp;<br \/>\n&nbsp;<br \/>\n&nbsp;<br \/>\n&nbsp;<br \/>\n&nbsp;<br \/>\n&nbsp;<br \/>\n&nbsp;<br \/>\n&nbsp;<br \/>\n&nbsp;<br \/>\n&nbsp;<br \/>\n&nbsp;<br \/>\n&nbsp;<br \/>\n&nbsp;<br \/>\n&nbsp;<br \/>\n&nbsp;<br \/>\n&nbsp;<\/p>\n","protected":false},"excerpt":{"rendered":"<p>LIKVIDACE OBCHODN\u00cdCH SPOLE\u010cNOST\u00cd A DRU\u017dSTEV \u0158e\u0161en\u00ed krizov\u00fdch situac\u00ed obchodn\u00edch spole\u010dnost\u00ed a dru\u017estev, v\u010detn\u011b jejich likvidace nebo prodeje. &nbsp; &nbsp; &nbsp; &nbsp; &nbsp; &nbsp; &nbsp; &nbsp; &nbsp; &nbsp; &nbsp; &nbsp; &nbsp; &nbsp; &nbsp; &nbsp; &nbsp; &nbsp; &nbsp; &nbsp; &nbsp; &nbsp; &nbsp; &hellip; <a href=\"https:\/\/www.schelle.cz\/?page_id=22\">Cel\u00fd p\u0159\u00edsp\u011bvek <span class=\"meta-nav\">&rarr;<\/span><\/a><\/p>\n","protected":false},"author":1,"featured_media":0,"parent":16,"menu_order":3,"comment_status":"closed","ping_status":"closed","template":"","meta":{"footnotes":""},"class_list":["post-22","page","type-page","status-publish","hentry"],"_links":{"self":[{"href":"https:\/\/www.schelle.cz\/index.php?rest_route=\/wp\/v2\/pages\/22","targetHints":{"allow":["GET"]}}],"collection":[{"href":"https:\/\/www.schelle.cz\/index.php?rest_route=\/wp\/v2\/pages"}],"about":[{"href":"https:\/\/www.schelle.cz\/index.php?rest_route=\/wp\/v2\/types\/page"}],"author":[{"embeddable":true,"href":"https:\/\/www.schelle.cz\/index.php?rest_route=\/wp\/v2\/users\/1"}],"replies":[{"embeddable":true,"href":"https:\/\/www.schelle.cz\/index.php?rest_route=%2Fwp%2Fv2%2Fcomments&post=22"}],"version-history":[{"count":9,"href":"https:\/\/www.schelle.cz\/index.php?rest_route=\/wp\/v2\/pages\/22\/revisions"}],"predecessor-version":[{"id":561,"href":"https:\/\/www.schelle.cz\/index.php?rest_route=\/wp\/v2\/pages\/22\/revisions\/561"}],"up":[{"embeddable":true,"href":"https:\/\/www.schelle.cz\/index.php?rest_route=\/wp\/v2\/pages\/16"}],"wp:attachment":[{"href":"https:\/\/www.schelle.cz\/index.php?rest_route=%2Fwp%2Fv2%2Fmedia&parent=22"}],"curies":[{"name":"wp","href":"https:\/\/api.w.org\/{rel}","templated":true}]}}