{"id":315,"date":"2015-04-22T13:28:07","date_gmt":"2015-04-22T12:28:07","guid":{"rendered":"http:\/\/www.schelle.cz\/?page_id=315"},"modified":"2025-01-17T15:44:37","modified_gmt":"2025-01-17T14:44:37","slug":"ucast-na-vedeckych-konferencich","status":"publish","type":"page","link":"https:\/\/www.schelle.cz\/?page_id=315","title":{"rendered":"\u00da\u010dast na v\u011bdeck\u00fdch konferenc\u00edch"},"content":{"rendered":"<h5>\u00da\u010cAST NA V\u011aDECK\u00ddCH KONFERENC\u00cdCH<\/h5>\n<ul>\n<li>\n<div class=\"kontakt\"><a href=\"http:\/\/www.schelle.cz\/?page_id=64\" title=\"\u00da\u010cAST NA V\u011aDECK\u00ddCH KONFERENC\u00cdCH \u2013 Karel Schelle\">Doc. JUDr. Karel Schelle, CSc.<\/a><\/div>\n<\/li>\n<li>\n<div class=\"kontakt\"><a href=\"http:\/\/www.schelle.cz\/?page_id=68\" title=\"\u00da\u010cAST NA V\u011aDECK\u00ddCH KONFERENC\u00cdCH \u2013 Karel Schelle, jr.\">JUDr. Karel Schelle, jr., LL.M., MBA<\/a><\/div>\n<\/li>\n<\/ul>\n<p>&nbsp;<br \/>\n&nbsp;<br \/>\n&nbsp;<br \/>\n&nbsp;<br \/>\n&nbsp;<br \/>\n&nbsp;<br \/>\n&nbsp;<br \/>\n&nbsp;<br \/>\n&nbsp;<br \/>\n&nbsp;<\/p>\n","protected":false},"excerpt":{"rendered":"<p>\u00da\u010cAST NA V\u011aDECK\u00ddCH KONFERENC\u00cdCH Doc. JUDr. Karel Schelle, CSc. JUDr. Karel Schelle, jr., LL.M., MBA &nbsp; &nbsp; &nbsp; &nbsp; &nbsp; &nbsp; &nbsp; &nbsp; &nbsp; &nbsp;<\/p>\n","protected":false},"author":1,"featured_media":0,"parent":61,"menu_order":1,"comment_status":"closed","ping_status":"closed","template":"","meta":{"footnotes":""},"class_list":["post-315","page","type-page","status-publish","hentry"],"_links":{"self":[{"href":"https:\/\/www.schelle.cz\/index.php?rest_route=\/wp\/v2\/pages\/315","targetHints":{"allow":["GET"]}}],"collection":[{"href":"https:\/\/www.schelle.cz\/index.php?rest_route=\/wp\/v2\/pages"}],"about":[{"href":"https:\/\/www.schelle.cz\/index.php?rest_route=\/wp\/v2\/types\/page"}],"author":[{"embeddable":true,"href":"https:\/\/www.schelle.cz\/index.php?rest_route=\/wp\/v2\/users\/1"}],"replies":[{"embeddable":true,"href":"https:\/\/www.schelle.cz\/index.php?rest_route=%2Fwp%2Fv2%2Fcomments&post=315"}],"version-history":[{"count":6,"href":"https:\/\/www.schelle.cz\/index.php?rest_route=\/wp\/v2\/pages\/315\/revisions"}],"predecessor-version":[{"id":609,"href":"https:\/\/www.schelle.cz\/index.php?rest_route=\/wp\/v2\/pages\/315\/revisions\/609"}],"up":[{"embeddable":true,"href":"https:\/\/www.schelle.cz\/index.php?rest_route=\/wp\/v2\/pages\/61"}],"wp:attachment":[{"href":"https:\/\/www.schelle.cz\/index.php?rest_route=%2Fwp%2Fv2%2Fmedia&parent=315"}],"curies":[{"name":"wp","href":"https:\/\/api.w.org\/{rel}","templated":true}]}}