{"id":33,"date":"2015-04-21T13:32:38","date_gmt":"2015-04-21T12:32:38","guid":{"rendered":"http:\/\/www.schelle.cz\/?page_id=33"},"modified":"2024-12-03T08:32:20","modified_gmt":"2024-12-03T07:32:20","slug":"uvodni-stranka","status":"publish","type":"page","link":"https:\/\/www.schelle.cz\/","title":{"rendered":"\u00daVODN\u00cd STR\u00c1NKA"},"content":{"rendered":"<p class=\"blu\">\nAdvok\u00e1tn\u00ed kancel\u00e1\u0159 pat\u0159\u00ed k presti\u017en\u00edm advok\u00e1tn\u00edm kancel\u00e1\u0159\u00edm s\u00a0\u0161irokou oblast\u00ed \u010dinnost\u00ed zalo\u017een\u00fdch na bohat\u00fdch praktick\u00fdch a teoretick\u00fdch zku\u0161enostech \u010dlen\u016f kancel\u00e1\u0159e.\n<\/p>\n<p class=\"blu\">\n\u010clenov\u00e9 advok\u00e1tn\u00ed kancel\u00e1\u0159e soustavn\u011b spolupracuj\u00ed s \u0159adou odborn\u00edk\u016f ze v\u0161ech pr\u00e1vn\u00edch odv\u011btv\u00ed, ekonomie i \u00fa\u010detnictv\u00ed. V\u00a0souvislosti s pr\u00e1vn\u00edmi slu\u017ebami jsou proto schopni zajistit i slu\u017eby souvisej\u00edc\u00ed, zejm\u00e9na z oblasti ekonomie, \u00fa\u010detnictv\u00ed, archivnictv\u00ed, realitn\u00ed \u010dinnosti, obchodu s pohled\u00e1vkami, trestn\u011bpr\u00e1vn\u00ed problematiky atd.\n<\/p>\n<p class=\"blu\">\nPr\u00e1vn\u00ed slu\u017eby jsou \u010dlenov\u00e9 advok\u00e1tn\u00ed kancel\u00e1\u0159e schopni, po dohod\u011b, poskytovat i mimo advok\u00e1tn\u00ed kancel\u00e1\u0159.\n<\/p>\n<hr noshade=\"noshade\" \/>\n<h6>Person\u00e1ln\u00ed obsazen\u00ed<\/h6>\n<\/p>\n<div class=\"row-fluid\">\n<div class=\"span5 kontakt\">\n<p>Doc. JUDr. Karel Schelle, CSc.<br \/>\nJUDr. Karel Schelle, jr., LL.M., MBA<\/p>\n<\/div>\n<div class=\"span5 kontakt\">\nev.\u010d. \u010cAK 1910<br \/>\nev.\u010d. \u010cAK 12495<\/p>\n<\/div>\n<\/div>\n<p>&nbsp;<br \/>\n&nbsp;<br \/>\n&nbsp;<br \/>\n&nbsp;<br \/>\n&nbsp;<br \/>\n&nbsp;<br \/>\n&nbsp;<br \/>\n&nbsp;<br \/>\n&nbsp;<br \/>\n&nbsp;<br \/>\n&nbsp;<br \/>\n&nbsp;<br \/>\n&nbsp;<br \/>\n&nbsp;<br \/>\n&nbsp;<br \/>\n&nbsp;<br \/>\n&nbsp;<br \/>\n&nbsp;<br \/>\n&nbsp;<br \/>\n&nbsp;<br \/>\n&nbsp;<br \/>\n&nbsp;<br \/>\n&nbsp;<br \/>\n&nbsp;<br \/>\n&nbsp;<br \/>\n&nbsp;<\/p>\n","protected":false},"excerpt":{"rendered":"<p>Advok\u00e1tn\u00ed kancel\u00e1\u0159 pat\u0159\u00ed k presti\u017en\u00edm advok\u00e1tn\u00edm kancel\u00e1\u0159\u00edm s\u00a0\u0161irokou oblast\u00ed \u010dinnost\u00ed zalo\u017een\u00fdch na bohat\u00fdch praktick\u00fdch a teoretick\u00fdch zku\u0161enostech \u010dlen\u016f kancel\u00e1\u0159e. \u010clenov\u00e9 advok\u00e1tn\u00ed kancel\u00e1\u0159e soustavn\u011b spolupracuj\u00ed s \u0159adou odborn\u00edk\u016f ze v\u0161ech pr\u00e1vn\u00edch odv\u011btv\u00ed, ekonomie i \u00fa\u010detnictv\u00ed. V\u00a0souvislosti s pr\u00e1vn\u00edmi slu\u017ebami jsou proto &hellip; <a href=\"https:\/\/www.schelle.cz\/\">Cel\u00fd p\u0159\u00edsp\u011bvek <span class=\"meta-nav\">&rarr;<\/span><\/a><\/p>\n","protected":false},"author":1,"featured_media":0,"parent":0,"menu_order":1,"comment_status":"closed","ping_status":"closed","template":"","meta":{"footnotes":""},"class_list":["post-33","page","type-page","status-publish","hentry"],"_links":{"self":[{"href":"https:\/\/www.schelle.cz\/index.php?rest_route=\/wp\/v2\/pages\/33","targetHints":{"allow":["GET"]}}],"collection":[{"href":"https:\/\/www.schelle.cz\/index.php?rest_route=\/wp\/v2\/pages"}],"about":[{"href":"https:\/\/www.schelle.cz\/index.php?rest_route=\/wp\/v2\/types\/page"}],"author":[{"embeddable":true,"href":"https:\/\/www.schelle.cz\/index.php?rest_route=\/wp\/v2\/users\/1"}],"replies":[{"embeddable":true,"href":"https:\/\/www.schelle.cz\/index.php?rest_route=%2Fwp%2Fv2%2Fcomments&post=33"}],"version-history":[{"count":19,"href":"https:\/\/www.schelle.cz\/index.php?rest_route=\/wp\/v2\/pages\/33\/revisions"}],"predecessor-version":[{"id":602,"href":"https:\/\/www.schelle.cz\/index.php?rest_route=\/wp\/v2\/pages\/33\/revisions\/602"}],"wp:attachment":[{"href":"https:\/\/www.schelle.cz\/index.php?rest_route=%2Fwp%2Fv2%2Fmedia&parent=33"}],"curies":[{"name":"wp","href":"https:\/\/api.w.org\/{rel}","templated":true}]}}