{"id":367,"date":"2015-04-23T08:43:32","date_gmt":"2015-04-23T07:43:32","guid":{"rendered":"http:\/\/www.schelle.cz\/?page_id=367"},"modified":"2015-04-24T08:34:04","modified_gmt":"2015-04-24T07:34:04","slug":"judr-karel-schelle-jr-ll-m-mba","status":"publish","type":"page","link":"https:\/\/www.schelle.cz\/?page_id=367","title":{"rendered":"JUDr. Karel Schelle, jr., LL.M., MBA"},"content":{"rendered":"<h5>PUBLIKA\u010cN\u00cd \u010cINNOST<\/h5>\n<h6>JUDr. Karel Schelle, jr., LL.M., MBA<\/h6>\n<ul>\n<li>\n<div class=\"kontakt\"><a href=\"http:\/\/www.schelle.cz\/?page_id=108\" title=\"PUBLIKA\u010cN\u00cd \u010cINNOST \u2013 Monografie \u2013 JUDr. Karel Schelle, jr., LL.M.\">monografie<\/a><\/div>\n<\/li>\n<li>\n<div class=\"kontakt\"><a href=\"http:\/\/www.schelle.cz\/?page_id=110\" title=\"PUBLIKA\u010cN\u00cd \u010cINNOST \u2013 U\u010debnice \u2013 JUDr. Karel Schelle, jr., LL.M.\">u\u010debnice<\/a><\/div>\n<\/li>\n<li>\n<div class=\"kontakt\"><a href=\"http:\/\/www.schelle.cz\/?page_id=112\" title=\"PUBLIKA\u010cN\u00cd \u010cINNOST \u2013 Scripta \u2013 JUDr. Karel Schelle, jr., LL.M.\">skripta<\/a><\/div>\n<\/li>\n<li>\n<div class=\"kontakt\"><a href=\"http:\/\/www.schelle.cz\/?page_id=115\" title=\"PUBLIKA\u010cN\u00cd \u010cINNOST \u2013 Studie a \u010dl\u00e1nky ve sborn\u00edc\u00edch a v\u011bdeck\u00fdch i odborn\u00fdch \u010dasopisech \u2013 JUDr. Karel Schelle, jr., LL.M.\">studie a \u010dl\u00e1nky v odborn\u00fdch \u010dasopisech<\/a><\/div>\n<\/li>\n<li>\n<div class=\"kontakt\"><a href=\"http:\/\/www.schelle.cz\/?page_id=117\" title=\"PUBLIKA\u010cN\u00cd \u010cINNOST \u2013 \u010cl\u00e1nky v denn\u00edm tisku \u2013 JUDr. Karel Schelle, jr., LL.M.\">\u010dl\u00e1nky v denn\u00edm tisku<\/a><\/div>\n<\/li>\n<\/ul>\n<p>&nbsp;<br \/>\n&nbsp;<br \/>\n&nbsp;<br \/>\n&nbsp;<br \/>\n&nbsp;<br \/>\n&nbsp;<br \/>\n&nbsp;<br \/>\n&nbsp;<br \/>\n&nbsp;<br \/>\n&nbsp;<br \/>\n&nbsp;<br \/>\n&nbsp;<br \/>\n&nbsp;<br \/>\n&nbsp;<br \/>\n&nbsp;<br \/>\n&nbsp;<\/p>\n","protected":false},"excerpt":{"rendered":"<p>PUBLIKA\u010cN\u00cd \u010cINNOST JUDr. Karel Schelle, jr., LL.M., MBA monografie u\u010debnice skripta studie a \u010dl\u00e1nky v odborn\u00fdch \u010dasopisech \u010dl\u00e1nky v denn\u00edm tisku &nbsp; &nbsp; &nbsp; &nbsp; &nbsp; &nbsp; &nbsp; &nbsp; &nbsp; &nbsp; &nbsp; &nbsp; &nbsp; &nbsp; &nbsp; &nbsp;<\/p>\n","protected":false},"author":1,"featured_media":0,"parent":322,"menu_order":3,"comment_status":"closed","ping_status":"closed","template":"","meta":{"footnotes":""},"class_list":["post-367","page","type-page","status-publish","hentry"],"_links":{"self":[{"href":"https:\/\/www.schelle.cz\/index.php?rest_route=\/wp\/v2\/pages\/367","targetHints":{"allow":["GET"]}}],"collection":[{"href":"https:\/\/www.schelle.cz\/index.php?rest_route=\/wp\/v2\/pages"}],"about":[{"href":"https:\/\/www.schelle.cz\/index.php?rest_route=\/wp\/v2\/types\/page"}],"author":[{"embeddable":true,"href":"https:\/\/www.schelle.cz\/index.php?rest_route=\/wp\/v2\/users\/1"}],"replies":[{"embeddable":true,"href":"https:\/\/www.schelle.cz\/index.php?rest_route=%2Fwp%2Fv2%2Fcomments&post=367"}],"version-history":[{"count":4,"href":"https:\/\/www.schelle.cz\/index.php?rest_route=\/wp\/v2\/pages\/367\/revisions"}],"predecessor-version":[{"id":551,"href":"https:\/\/www.schelle.cz\/index.php?rest_route=\/wp\/v2\/pages\/367\/revisions\/551"}],"up":[{"embeddable":true,"href":"https:\/\/www.schelle.cz\/index.php?rest_route=\/wp\/v2\/pages\/322"}],"wp:attachment":[{"href":"https:\/\/www.schelle.cz\/index.php?rest_route=%2Fwp%2Fv2%2Fmedia&parent=367"}],"curies":[{"name":"wp","href":"https:\/\/api.w.org\/{rel}","templated":true}]}}