{"id":38,"date":"2015-04-21T13:37:03","date_gmt":"2015-04-21T12:37:03","guid":{"rendered":"http:\/\/www.schelle.cz\/?page_id=38"},"modified":"2015-04-22T10:15:26","modified_gmt":"2015-04-22T09:15:26","slug":"desatero-vyhod-rozhodciho-rizeni","status":"publish","type":"page","link":"https:\/\/www.schelle.cz\/?page_id=38","title":{"rendered":"Desatero v\u00fdhod rozhod\u010d\u00edho \u0159\u00edzen\u00ed"},"content":{"rendered":"<h6>DESATERO V\u00ddHOD ROZHOD\u010c\u00cdHO \u0158\u00cdZEN\u00cd<\/h6>\n<ol>\n<li><span class=\"blue\"><strong>Kvalita<\/strong><\/span> \u2013 spory jsou rozhodov\u00e1ny odborn\u00edky z\u00a0oblasti pr\u00e1vn\u00ed teorie i pr\u00e1vn\u00ed praxe a ekonomick\u00fdch v\u011bd, maj\u00edc\u00ed v\u011bt\u0161inou k dispozici sbor pr\u00e1vn\u00edch, ekonomick\u00fdch a finan\u010dn\u00edch poradc\u016f. Rozhodci maj\u00ed mo\u017enost konkr\u00e9tn\u00ed pr\u00e1vn\u00ed probl\u00e9my pohotov\u011b konzultovat s\u00a0p\u0159edn\u00edmi odborn\u00edky p\u016fsob\u00edc\u00edmi v\u00a0justici, bankovnictv\u00ed i finan\u010dn\u00ed a podnikatelsk\u00e9 sf\u00e9\u0159e, jako\u017e i na p\u0159edn\u00edch \u010desk\u00fdch vysok\u00fdch \u0161kol\u00e1ch a ve v\u011bdeck\u00fdch \u00fastavech.<\/li>\n<li><span class=\"blue\"><strong>Rychlost<\/strong><\/span> \u2013 spory jsou rozhodov\u00e1ny v\u00a0nejkrat\u0161\u00edm mo\u017en\u00e9m \u010dase. \u0158\u00edzen\u00ed je zah\u00e1jeno bezprost\u0159edn\u011b po pod\u00e1n\u00ed \u017ealoby. Rozhod\u010d\u00ed n\u00e1lez je pot\u00e9 vyd\u00e1n do n\u011bkolika t\u00fddn\u016f, na rozd\u00edl od soudn\u00edho \u0159\u00edzen\u00ed jeho\u017e d\u00e9lka se po\u010d\u00edt\u00e1 na m\u011bs\u00edce a roky.<\/li>\n<li><span class=\"blue\"><strong>Hospod\u00e1rnost<\/strong><\/span> \u2013 rozhod\u010d\u00ed \u0159\u00edzen\u00ed je podstatn\u011b levn\u011bj\u0161\u00ed ne\u017e \u0159\u00edzen\u00ed soudn\u00ed, co\u017e je d\u016fsledkem ni\u017e\u0161\u00edch poplatk\u016f ne\u017e jsou poplatky soudn\u00ed.<\/li>\n<li><span class=\"blue\"><strong>Neve\u0159ejnost<\/strong><\/span> \u2013 rozhod\u010d\u00ed \u0159\u00edzen\u00ed je neve\u0159ejn\u00e9, jedn\u00e1n\u00ed m\u016f\u017ee prob\u00edhat na stranami dohodnut\u00e9m m\u00edst\u011b, co\u017e zabra\u0148uje mnohdy ne\u017e\u00e1douc\u00ed skandalizaci obchodn\u00edch subjekt\u016f\u00a0 v\u00a0d\u016fsledku zbyte\u010dn\u00e9 medializace projedn\u00e1van\u00fdch obchodn\u00edch spor\u016f.<\/li>\n<li><span class=\"blue\"><strong>D\u016fv\u011bryhodnost<\/strong><\/span> \u2013 spor je rozhodov\u00e1n rozhodci na nich\u017e se strany p\u0159edem dohodly, a tud\u00ed\u017e maj\u00ed d\u016fv\u011bru v\u0161ech zainteresovan\u00fdch stran.<\/li>\n<li><span class=\"blue\"><strong>Neform\u00e1lnost<\/strong><\/span> \u2013 rozhod\u010d\u00ed \u0159\u00edzen\u00ed je mnohem v\u00edce neform\u00e1ln\u00ed ne\u017e \u0159\u00edzen\u00ed p\u0159ed soudy a to i p\u0159es p\u0159\u00edsn\u00e9 dodr\u017eov\u00e1n\u00ed procesn\u00edch p\u0159edpis\u016f. Tento postup mnohem v\u00edce vyhovuje zejm\u00e9na podnikatelsk\u00e9 ve\u0159ejnosti.<\/li>\n<li><span class=\"blue\"><strong>Jednoinstan\u010dnost<\/strong><\/span> \u2013 rozhodnut\u00ed rozhodc\u016f ve form\u011b rozhod\u010d\u00edho n\u00e1lezu je kone\u010dn\u00e9 a po jeho doru\u010den\u00ed stran\u00e1m\u00a0 pravomocn\u00e9, pot\u00e9 je vykonateln\u00e9. Proti rozhod\u010d\u00edmu n\u00e1lezu nen\u00ed mo\u017en\u00e9 podat \u0159\u00e1dn\u00fd opravn\u00fd prost\u0159edek. T\u00edm se rozhodov\u00e1n\u00ed sporu podstatn\u011b zrychluje. To v\u0161ak ned\u00e1v\u00e1 prostor pro nedodr\u017eov\u00e1n\u00ed z\u00e1konnosti. Soud z\u00a0d\u016fvod\u016f uveden\u00fdch v\u00a0z\u00e1kon\u011b m\u016f\u017ee rozhod\u010d\u00ed n\u00e1lez zru\u0161it.<\/li>\n<li><span class=\"blue\"><strong>Vykonatelnost<\/strong><\/span> \u2013 rozhod\u010d\u00ed n\u00e1lez m\u00e1 pr\u00e1vn\u00ed s\u00edlu rozsudku soudu, a z\u00a0toho d\u016fvodu je po nabyt\u00ed pr\u00e1vn\u00ed moci vykonateln\u00fd. Opr\u00e1vn\u011bn\u00e1 strana m\u00e1 tedy mo\u017enost se okam\u017eit\u011b obr\u00e1tit na exeku\u010dn\u00ed soud s\u00a0n\u00e1vrhem na proveden\u00ed exekuce.<\/li>\n<li><span class=\"blue\"><strong>Mo\u017enost uzav\u0159en\u00ed sm\u00edru<\/strong><\/span> \u2013 rozhod\u010d\u00ed \u0159\u00edzen\u00ed nemus\u00ed v\u017edy jen kon\u010dit pravomocn\u00fdm rozhod\u010d\u00edm n\u00e1lezem, ale vzhledem k\u00a0jeho neform\u00e1lnosti je zde mnohem v\u011bt\u0161\u00ed prostor pro uzav\u0159en\u00ed sm\u00edru. T\u00edm se vytv\u00e1\u0159\u00ed mo\u017enost pro kompromisn\u00ed vy\u0159e\u0161en\u00ed sporu a uzav\u0159en\u00ed dodatk\u016f k\u00a0p\u016fvodn\u00ed obchodn\u00ed smlouv\u011b, je\u017e budou mnohem v\u00edce ne\u017e soudn\u00ed rozsudek reflektovat na re\u00e1ln\u00e9 mo\u017enosti dlu\u017en\u00edka a skute\u010dn\u00e9 z\u00e1jmy v\u011b\u0159itele.<\/li>\n<li><span class=\"blue\"><strong>Spravedlnost<\/strong> (z\u00e1sada ex aequo et bono) bez ohledu na n\u011bkdy sporn\u00e1 ustanoven\u00ed platn\u00e9ho hmotn\u00e9ho pr\u00e1va<\/span> \u2013 v\u00a0p\u0159\u00edpad\u011b, \u017ee se smluvn\u00ed strany na tom p\u0159edem dohodnou, m\u016f\u017ee se rozhodce p\u0159i sv\u00e9m rozhodov\u00e1n\u00ed i nad r\u00e1mec platn\u00e9ho pr\u00e1va dr\u017eet z\u00e1sady spravedlnosti. To umo\u017e\u0148uje rozhodc\u016fm v\u00edce vyu\u017e\u00edvat zku\u0161enost\u00ed z\u00a0ekonomick\u00e9 a pr\u00e1vn\u00ed praxe a dobrat se spravedliv\u00e9ho rozhodnut\u00ed<\/li>\n<\/ol>\n","protected":false},"excerpt":{"rendered":"<p>DESATERO V\u00ddHOD ROZHOD\u010c\u00cdHO \u0158\u00cdZEN\u00cd Kvalita \u2013 spory jsou rozhodov\u00e1ny odborn\u00edky z\u00a0oblasti pr\u00e1vn\u00ed teorie i pr\u00e1vn\u00ed praxe a ekonomick\u00fdch v\u011bd, maj\u00edc\u00ed v\u011bt\u0161inou k dispozici sbor pr\u00e1vn\u00edch, ekonomick\u00fdch a finan\u010dn\u00edch poradc\u016f. Rozhodci maj\u00ed mo\u017enost konkr\u00e9tn\u00ed pr\u00e1vn\u00ed probl\u00e9my pohotov\u011b konzultovat s\u00a0p\u0159edn\u00edmi odborn\u00edky p\u016fsob\u00edc\u00edmi &hellip; <a href=\"https:\/\/www.schelle.cz\/?page_id=38\">Cel\u00fd p\u0159\u00edsp\u011bvek <span class=\"meta-nav\">&rarr;<\/span><\/a><\/p>\n","protected":false},"author":1,"featured_media":0,"parent":36,"menu_order":1,"comment_status":"closed","ping_status":"closed","template":"","meta":{"footnotes":""},"class_list":["post-38","page","type-page","status-publish","hentry"],"_links":{"self":[{"href":"https:\/\/www.schelle.cz\/index.php?rest_route=\/wp\/v2\/pages\/38","targetHints":{"allow":["GET"]}}],"collection":[{"href":"https:\/\/www.schelle.cz\/index.php?rest_route=\/wp\/v2\/pages"}],"about":[{"href":"https:\/\/www.schelle.cz\/index.php?rest_route=\/wp\/v2\/types\/page"}],"author":[{"embeddable":true,"href":"https:\/\/www.schelle.cz\/index.php?rest_route=\/wp\/v2\/users\/1"}],"replies":[{"embeddable":true,"href":"https:\/\/www.schelle.cz\/index.php?rest_route=%2Fwp%2Fv2%2Fcomments&post=38"}],"version-history":[{"count":9,"href":"https:\/\/www.schelle.cz\/index.php?rest_route=\/wp\/v2\/pages\/38\/revisions"}],"predecessor-version":[{"id":252,"href":"https:\/\/www.schelle.cz\/index.php?rest_route=\/wp\/v2\/pages\/38\/revisions\/252"}],"up":[{"embeddable":true,"href":"https:\/\/www.schelle.cz\/index.php?rest_route=\/wp\/v2\/pages\/36"}],"wp:attachment":[{"href":"https:\/\/www.schelle.cz\/index.php?rest_route=%2Fwp%2Fv2%2Fmedia&parent=38"}],"curies":[{"name":"wp","href":"https:\/\/api.w.org\/{rel}","templated":true}]}}