{"id":68,"date":"2015-04-21T14:04:50","date_gmt":"2015-04-21T13:04:50","guid":{"rendered":"http:\/\/www.schelle.cz\/?page_id=68"},"modified":"2015-04-23T10:08:20","modified_gmt":"2015-04-23T09:08:20","slug":"ucast-na-vedeckych-konferencich-3","status":"publish","type":"page","link":"https:\/\/www.schelle.cz\/?page_id=68","title":{"rendered":"JUDr. Karel Schelle, jr., LL.M., MBA"},"content":{"rendered":"<h5>\u00da\u010cAST NA V\u011aDECK\u00ddCH KONFERENC\u00cdCH<\/h5>\n<h6>JUDr. Karel Schelle, jr., LL.M., MBA<\/h6>\n<ol>\n<li><i>Mezin\u00e1rodn\u00ed \u00fanosy d\u011bt\u00ed<\/i><br \/>\nKonference &#8222;<b>Pln\u011bn\u00ed \u00damluvy o pr\u00e1vech d\u00edt\u011bte \u010ceskou republikou<\/b>&#8222;. Brno, Vysok\u00e1 \u0161kola Karla Engli\u0161e v Brn\u011b spole\u010dn\u011b s Nejvy\u0161\u0161\u00edm st\u00e1tn\u00edm zastupitelstv\u00edm \u010cesk\u00e9 republiky, 16. &#8211; 17. 10. 2001<\/li>\n<li><i>Povinnost likvid\u00e1tora podat n\u00e1vrh na prohl\u00e1\u0161en\u00ed konkurzu p\u0159i zji\u0161t\u011bn\u00ed p\u0159edlu\u017een\u00ed spole\u010dnosti<\/i><br \/>\nKonference &#8222;<b>Sou\u010dasnost a perspektivy \u00fapadkov\u00e9ho pr\u00e1va<\/b>&#8222;. Brno, Vysok\u00e1 \u0161kola Karla Engli\u0161e v Brn\u011b spole\u010dn\u011b s Komorou spr\u00e1vc\u016f majetku a likvid\u00e1tor\u016f, 25. 10. 2001<\/li>\n<li><i>Bezpe\u010dnost ochrany dat u n\u00e1s<\/i><br \/>\nKonference &#8222;<b>Bezpe\u010dnostn\u00ed syst\u00e9m \u010cesk\u00e9 republiky<\/b>&#8222;. Brno, Vysok\u00e1 \u0161kola Karla Engli\u0161e, 11. 12. 2001<\/li>\n<li><i>Zamy\u0161len\u00ed nad postaven\u00edm advok\u00e1ta v trestn\u00edm \u0159\u00edzen\u00ed po posledn\u00ed novele trestn\u00edho \u0159\u00e1du<\/i><br \/>\nKonference &#8222;<b>Trestn\u00ed pr\u00e1vo &#8211; sou\u010dasnost a perspektivy<\/b>&#8222;. Brno, Vysok\u00e1 \u0161kola Karla Engli\u0161e, 30. 1. 2002<\/li>\n<\/ol>\n","protected":false},"excerpt":{"rendered":"<p>\u00da\u010cAST NA V\u011aDECK\u00ddCH KONFERENC\u00cdCH JUDr. Karel Schelle, jr., LL.M., MBA Mezin\u00e1rodn\u00ed \u00fanosy d\u011bt\u00ed Konference &#8222;Pln\u011bn\u00ed \u00damluvy o pr\u00e1vech d\u00edt\u011bte \u010ceskou republikou&#8222;. Brno, Vysok\u00e1 \u0161kola Karla Engli\u0161e v Brn\u011b spole\u010dn\u011b s Nejvy\u0161\u0161\u00edm st\u00e1tn\u00edm zastupitelstv\u00edm \u010cesk\u00e9 republiky, 16. &#8211; 17. 10. 2001 &hellip; <a href=\"https:\/\/www.schelle.cz\/?page_id=68\">Cel\u00fd p\u0159\u00edsp\u011bvek <span class=\"meta-nav\">&rarr;<\/span><\/a><\/p>\n","protected":false},"author":1,"featured_media":0,"parent":315,"menu_order":3,"comment_status":"closed","ping_status":"closed","template":"","meta":{"footnotes":""},"class_list":["post-68","page","type-page","status-publish","hentry"],"_links":{"self":[{"href":"https:\/\/www.schelle.cz\/index.php?rest_route=\/wp\/v2\/pages\/68","targetHints":{"allow":["GET"]}}],"collection":[{"href":"https:\/\/www.schelle.cz\/index.php?rest_route=\/wp\/v2\/pages"}],"about":[{"href":"https:\/\/www.schelle.cz\/index.php?rest_route=\/wp\/v2\/types\/page"}],"author":[{"embeddable":true,"href":"https:\/\/www.schelle.cz\/index.php?rest_route=\/wp\/v2\/users\/1"}],"replies":[{"embeddable":true,"href":"https:\/\/www.schelle.cz\/index.php?rest_route=%2Fwp%2Fv2%2Fcomments&post=68"}],"version-history":[{"count":5,"href":"https:\/\/www.schelle.cz\/index.php?rest_route=\/wp\/v2\/pages\/68\/revisions"}],"predecessor-version":[{"id":464,"href":"https:\/\/www.schelle.cz\/index.php?rest_route=\/wp\/v2\/pages\/68\/revisions\/464"}],"up":[{"embeddable":true,"href":"https:\/\/www.schelle.cz\/index.php?rest_route=\/wp\/v2\/pages\/315"}],"wp:attachment":[{"href":"https:\/\/www.schelle.cz\/index.php?rest_route=%2Fwp%2Fv2%2Fmedia&parent=68"}],"curies":[{"name":"wp","href":"https:\/\/api.w.org\/{rel}","templated":true}]}}