{"id":75,"date":"2015-04-21T14:09:08","date_gmt":"2015-04-21T13:09:08","guid":{"rendered":"http:\/\/www.schelle.cz\/?page_id=75"},"modified":"2015-04-23T08:26:01","modified_gmt":"2015-04-23T07:26:01","slug":"publikacni-cinnost-ucebnice-doc-judr-karel-schelle-csc","status":"publish","type":"page","link":"https:\/\/www.schelle.cz\/?page_id=75","title":{"rendered":"U\u010debnice"},"content":{"rendered":"<h2>PUBLIKA\u010cN\u00cd \u010cINNOST &#8211; U\u010debnice<\/h2>\n<h6>Doc. JUDr. Karel Schelle, CSc.<\/h6>\n<p>1. <b>Schelle, K.<\/b> &#8211; Kadlecov\u00e1. M. &#8211; Mates, P. &#8211; Vesel\u00e1, R. &#8211; Vl\u010dek, E.: \u010c<i>eskoslovensk\u00e9 d\u011bjiny st\u00e1tu a pr\u00e1va (1918 &#8211; 1945).<\/i> Brno, Masarykova univerzita 1991. 137 s.<\/p>\n<p>2. <b>Schelle, K.<\/b> &#8211; Galvas, M. &#8211; Gregorov\u00e1, Z. &#8211; Mates, P. &#8211; P\u00edchov\u00e1, I.: <i>Z\u00e1klady pracovn\u00edho pr\u00e1va (1. d\u00edl &#8211; obecn\u00e1 \u010d\u00e1st).<\/i> Brno, Masarykova univerzita 1992. 118 s.<\/p>\n<p>3. <b>Schelle, K.<\/b> a kol.: <i>Z\u00e1klady pr\u00e1va.<\/i> Brno, Masarykova univerzita 1992. 138 s.<\/p>\n<p>4. <b>Schelle, K.<\/b> &#8211; Kadlecov\u00e1, M. &#8211; Mates, P. &#8211; Vesel\u00e1, R. &#8211; Vl\u010dek, E.: <i>D\u011bjiny \u010deskoslovensk\u00e9ho st\u00e1tu a pr\u00e1va (1918 &#8211; 1945).<\/i> Brno, Masarykova univerzita 1992. 138 s.<\/p>\n<p>5. <b>Schelle, K.<\/b>: <i>Kapitoly z d\u011bjin st\u00e1tn\u00ed spr\u00e1vy.<\/i> Brno, Masarykova univerzita 1992. 165 s.<\/p>\n<p>6. <b>Schelle, K.<\/b> &#8211; Mates, P. &#8211; Kadlecov\u00e1 &#8211; B\u00edl\u00fd, J.: <i>Modern\u00ed d\u011bjiny st\u00e1tu a pr\u00e1va I. \u010d\u00e1st (st\u00e1ty z\u00e1padn\u00ed Evropy a USA).<\/i> Brno, Masarykova univerzita 1993. 233 s.<\/p>\n<p>7. <b>Schelle, K.<\/b> (\u010dlen autor. kol.): <i>Politologie.<\/i> Brno, Masarykova univerzita 1993. 272 s.<\/p>\n<p>8. <b>Schelle, K.<\/b> a kol.: <i>Z\u00e1klady ve\u0159ejn\u00e9ho pr\u00e1va.<\/i> Brno, Masarykova univerzita 1993. 353 s.<\/p>\n<p>9. <b>Schelle, K.<\/b> a kol.: <i>Z\u00e1klady soukrom\u00e9ho pr\u00e1va<\/i>. Brno, Masarykova univerzita 1993. 296 s.<\/p>\n<p>10. <b>Schelle, K.<\/b> &#8211; Galvas, M. &#8211; Gregorov\u00e1, Z. &#8211; P\u00edchov\u00e1, I. &#8211; Mates, P.: <i>Pracovn\u00ed pr\u00e1vo.<\/i> Brno, Masarykova univerzita 1993. 299 s.<\/p>\n<p>11. <b>Schelle, K.<\/b> &#8211; \u017didlick\u00e1, M.: <i>Obecn\u00e9 d\u011bjiny st\u00e1tu a pr\u00e1va I. (Starov\u00eck).<\/i> Brno, Masarykova univerzita 1993. 139 s.<\/p>\n<p>12. <b>Schelle, K.<\/b> a kol.: <i>Obecn\u00e9 d\u011bjiny st\u00e1tu a pr\u00e1va II. (St\u00e1ty z\u00e1padn\u00ed Evropy a USA).<\/i> Brno, Masarykova univerzita 1993. 325 s.<\/p>\n<p>13. <b>Schelle, K.<\/b> a kol.: <i>Obecn\u00e9 d\u011bjiny st\u00e1tu a pr\u00e1va III. (St\u00e1ty v\u00fdchodn\u00ed Evropy)<\/i>. Brno, Masarykova univerzita 1993. 158 s.<\/p>\n<p>14. <b>Schelle, K.<\/b> &#8211; Vl\u010dek, E.: <i>Vybran\u00e9 kapitoly z pr\u00e1vn\u00edch d\u011bjin.<\/i> Brno, Masarykova univerzita 1993. 104 s.<\/p>\n<p>15. <b>Schelle, K.<\/b> &#8211; Kadlecov\u00e1, M. &#8211; Vl\u010dek, E.: <i>N\u011bkolik kapitol z pr\u00e1vn\u00edch d\u011bjin.<\/i> Brno, Masarykova univerzita 1994. 129 s.<\/p>\n<p>16. <b>Schelle, K.<\/b> a kol.: <i>Z\u00e1klady pr\u00e1va 1. Ve\u0159ejn\u00e9 pr\u00e1vo.<\/i> Brno, Masarykova univerzita 1994. 444 s.<\/p>\n<p>17. <b>Schelle, K.<\/b> a kol.: <i>Z\u00e1klady pr\u00e1va 2. Soukrom\u00e9 pr\u00e1vo.<\/i> Brno, Masarykova univerzita 1994. 314 s.<\/p>\n<p>18. <b>Schelle, K.<\/b> a kol.: <i>Pr\u00e1vn\u00ed nauka pro \u0161koly a praxi.<\/i> Brno, Masarykova univerzita 1995. 323 s., 2. vyd. 1996. 335 s., 3. vyd. 1998. 335 s., 4. vyd. 2000. 353 s., 5. vyd. 2002. 343 s.<\/p>\n<p>19. <b>Schelle, K.<\/b> &#8211; \u017didlick\u00e1, M.: <i>Pr\u00e1vn\u00ed d\u011bjiny 1. Starov\u011bk.<\/i> Brno, Dopln\u00eck 1998. 274 s.<\/p>\n<p>20. <b>Schelle, K.<\/b> a kol.: <i>Pr\u00e1vn\u00ed d\u011bjiny 2. St\u00e1ty z\u00e1padn\u00ed Evropy a USA.<\/i> Brno, Dopln\u011bk 1999. 719 s.<\/p>\n<p>21. <b>Schelle, K.<\/b> a kol.: <i>Pr\u00e1vn\u00ed d\u011bjiny 3. St\u00e1ty st\u0159edn\u00ed a v\u00fdchodn\u00ed Evropy.<\/i> Brno, Dopln\u011bk 1998. 430 s.<\/p>\n<p>22. <b>Schelle, K.<\/b> a kol.: <i>\u00davod do studia pr\u00e1va pro ekonomy.<\/i> Brno, Do\u010dkal 2001. 247 s.<\/p>\n<p>23. <b>Schelle, K.<\/b> &#8211; Schelleov\u00e1, I.: <i>\u00davod do studia ob\u010dansk\u00e9ho pr\u00e1va procesn\u00edho pro ekonomy.<\/i> Brno, Do\u010dkal 2002. 195 s.<\/p>\n<p>24. <b>Schelle, K.<\/b> a kol.: <i>\u00davod do pr\u00e1va pro ekonomy.<\/i> Praha, Eurolex Bohemia 2002. 350 s.<\/p>\n<p>25. <b>Schelle, K.<\/b>: <i>V\u00fdvoj ve\u0159ejn\u00e9 spr\u00e1vy v letech 1848 &#8211; 1948.<\/i> Praha, Eurolex Bohemia 2002. 389 s.<\/p>\n<p>26. <b>Schelle, K.<\/b> \u2013 Tomancov\u00e1, J. a kol.: <i>Pr\u00e1vn\u00ed nauka pro \u0161koly a praxi.<\/i> Praha, Eurolex Bohemia 2004. 447 s.<\/p>\n<p>27. <b>Schelle, K.<\/b> a kol.: <i>V\u00fdvoj \u010desk\u00e9ho soukrom\u00e9ho pr\u00e1va.<\/i> Praha, Eurolex Bohemia 2004. 213 s.<\/p>\n<p>28. <b>Schelle, K.<\/b> a kol.: <i>Z\u00e1klady pr\u00e1va.<\/i> Praha, Eurolex Bohemia 2004. 714 s.<\/p>\n<p>29. <b>Schelle, K.<\/b> &#8211; Tomancov\u00e1, J. a kol.: <i>Pr\u00e1vn\u00ed nauka pro pracovn\u00edky ve\u0159ejn\u00e9 spr\u00e1vy.<\/i> Praha, Eurolex Bohemia 2005. 292 s.<\/p>\n<p>30. <b>Schelle, K.<\/b> a kol.: <i>Z\u00e1klady pr\u00e1va pro ekonomy (vybran\u00e9 kapitoly)<\/i>. Ostrava, KEY Publishing 2006. 344 s.<\/p>\n<p>31. <b>Schelle, K.<\/b> (\u010dlen autor. kol.): <i>Z\u00e1klady pr\u00e1va (nejen) pro \u0161koly.<\/i> Boskovice, ALBERT 2007. 360 s.<\/p>\n<p>32. <b>Schelle, K.<\/b> (\u010dlen autor. kol.): <i>\u00davod do studia.<\/i> Ostrava, KEY Publishing 2007. 70 s.<\/p>\n<p>33. <b>Schelle Karel<\/b> a kol.: <i>Z\u00e1klady pr\u00e1va pro ekonomy<\/i>. Ostrava, KEY Publishing 2007. 379 s.<\/p>\n<p>34. <strong>Schelle, K<\/strong>. \u2013 Voj\u00e1\u010dek, L. \u2013 Knoll V.: <em>\u010cesk\u00e9 pr\u00e1vn\u00ed d\u011bjiny.<\/em> Plze\u0148, Ale\u0161 \u010cen\u011bk 2008, 684 s.<\/p>\n<p>35.<b> Schelle, K.<\/b> a kol.: <i>Pr\u00e1vo pro ekonomy.<\/i> Ostrava, KEY Publishing 2009. 380 s.<\/p>\n<p>36.<b> Schelle, K.<\/b> a kol.: <i>Z\u00e1klady ob\u010dansk\u00e9ho pr\u00e1va.<\/i> Ostrava, KEY Publishing 2009. 188 s.<\/p>\n<p>37.<b> Schelle, K.<\/b> (\u010dlen autor. kol.): <i>Z\u00e1klady pracovn\u00edho pr\u00e1va.<\/i> Ostrava, KEY Publishing 2009. 144 s.<\/p>\n<p>38.<b> Schelle, K.<\/b> a kol.: <i>Z\u00e1klady pr\u00e1va pro pedagogy I.<\/i> Ostrava, KEY Publishing 2009. 254 s.<\/p>\n<p>39.<b> Schelle, K.<\/b> a kol.: <i>Z\u00e1klady pr\u00e1va pro pedagogy II.<\/i> Ostrava, KEY Publishing 2009. 190 s.<\/p>\n<p>40.<b> Schelle, K.<\/b> \u2013 Schelleov\u00e1, A. \u2013 Tomancov\u00e1, J.: <i>Spr\u00e1vn\u00ed pr\u00e1vo.<\/i> Boskovice, ALBERT 2009. 137 s.<\/p>\n<p>41.<b> Schelle, K.<\/b> a kol.: <i>D\u011bjiny \u010desk\u00e9 ve\u0159ejn\u00e9 spr\u00e1vy.<\/i> Plze\u0148, Ale\u0161 \u010cen\u011bk 2009. 314 s.<\/p>\n<p>42.<b> Schelle, K.<\/b> (\u010dlen autor. kol.).: <i>Evropsk\u00e9 pr\u00e1vn\u00ed d\u011bjiny.<\/i> Brno, Masarykova univerzita 2009. 253 s.<\/p>\n<p>43.<b> Schelle, K.<\/b> (\u010dlen autor. kol.): <i>N\u00e1stin pr\u00e1vn\u00edch d\u011bjin.<\/i> Brno, Masarykova univerzita 2011. 322 s.<\/p>\n","protected":false},"excerpt":{"rendered":"<p>PUBLIKA\u010cN\u00cd \u010cINNOST &#8211; U\u010debnice Doc. JUDr. Karel Schelle, CSc. 1. Schelle, K. &#8211; Kadlecov\u00e1. M. &#8211; Mates, P. &#8211; Vesel\u00e1, R. &#8211; Vl\u010dek, E.: \u010ceskoslovensk\u00e9 d\u011bjiny st\u00e1tu a pr\u00e1va (1918 &#8211; 1945). Brno, Masarykova univerzita 1991. 137 s. 2. Schelle, &hellip; <a href=\"https:\/\/www.schelle.cz\/?page_id=75\">Cel\u00fd p\u0159\u00edsp\u011bvek <span class=\"meta-nav\">&rarr;<\/span><\/a><\/p>\n","protected":false},"author":1,"featured_media":0,"parent":317,"menu_order":2,"comment_status":"closed","ping_status":"closed","template":"","meta":{"footnotes":""},"class_list":["post-75","page","type-page","status-publish","hentry"],"_links":{"self":[{"href":"https:\/\/www.schelle.cz\/index.php?rest_route=\/wp\/v2\/pages\/75","targetHints":{"allow":["GET"]}}],"collection":[{"href":"https:\/\/www.schelle.cz\/index.php?rest_route=\/wp\/v2\/pages"}],"about":[{"href":"https:\/\/www.schelle.cz\/index.php?rest_route=\/wp\/v2\/types\/page"}],"author":[{"embeddable":true,"href":"https:\/\/www.schelle.cz\/index.php?rest_route=\/wp\/v2\/users\/1"}],"replies":[{"embeddable":true,"href":"https:\/\/www.schelle.cz\/index.php?rest_route=%2Fwp%2Fv2%2Fcomments&post=75"}],"version-history":[{"count":3,"href":"https:\/\/www.schelle.cz\/index.php?rest_route=\/wp\/v2\/pages\/75\/revisions"}],"predecessor-version":[{"id":351,"href":"https:\/\/www.schelle.cz\/index.php?rest_route=\/wp\/v2\/pages\/75\/revisions\/351"}],"up":[{"embeddable":true,"href":"https:\/\/www.schelle.cz\/index.php?rest_route=\/wp\/v2\/pages\/317"}],"wp:attachment":[{"href":"https:\/\/www.schelle.cz\/index.php?rest_route=%2Fwp%2Fv2%2Fmedia&parent=75"}],"curies":[{"name":"wp","href":"https:\/\/api.w.org\/{rel}","templated":true}]}}