{"id":77,"date":"2015-04-21T14:10:01","date_gmt":"2015-04-21T13:10:01","guid":{"rendered":"http:\/\/www.schelle.cz\/?page_id=77"},"modified":"2015-04-23T08:26:46","modified_gmt":"2015-04-23T07:26:46","slug":"publikacni-cinnost-sbirky-pravnich-predpisu-a-dokumentu-doc-judr-karel-schelle-csc","status":"publish","type":"page","link":"https:\/\/www.schelle.cz\/?page_id=77","title":{"rendered":"Sb\u00edrky pr\u00e1vn\u00edch p\u0159edpis\u016f a dokument\u016f"},"content":{"rendered":"<h2>PUBLIKA\u010cN\u00cd \u010cINNOST &#8211; Sb\u00edrky pr\u00e1vn\u00edch p\u0159edpis\u016f a dokument\u016f<\/h2>\n<h6>Doc. JUDr. Karel Schelle, CSc. <\/h6>\n<p>1. <b>Schelle, K.<\/b>: <i>V\u00fdvoj st\u00e1tn\u00ed spr\u00e1vy v dokumentech. I. \u010d\u00e1st (do roku 1945).<\/i> Brno, Masarykova univerzita 1992. 337 s.<\/p>\n<p>2. <b>Schelle, K.<\/b>: <i>V\u00fdvoj st\u00e1tn\u00ed spr\u00e1vy v dokumentech. II. \u010d\u00e1st (od roku 1945).<\/i> Brno, Masarykova univerzita 1992. 242 s.<\/p>\n<p>3. <b>Schelle, K.<\/b>: <i>Modern\u00ed d\u011bjiny st\u00e1tu a pr\u00e1va v dokumentech I. V\u00fdvoj mezin\u00e1rodn\u00edch vztah\u016f.<\/i> Brno, Masarykova univerzita 1992. 247 s.<\/p>\n<p>4. <b>Schelle, K.<\/b> &#8211; Mates, P. &#8211; Vl\u010dek, E. &#8211; Kadlecov\u00e1, M.: <i>Modern\u00ed d\u011bjiny st\u00e1tu a pr\u00e1va v dokumentech II. St\u00e1ty z\u00e1padn\u00ed Evropy a USA.<\/i> Brno, Masarykova univerzita 1993. 348 s.<\/p>\n<p>5. <b>Schelle, K.<\/b>&#8211; Mates, P. &#8211; Vl\u010dek, E. &#8211; Kadlecov\u00e1, M.: <i>Modern\u00ed d\u011bjiny st\u00e1tu a pr\u00e1va v dokumentech III. St\u00e1ty v\u00fdchodn\u00ed Evropy.<\/i> Brno, Masarykova univerzita 1993. 450 s.<\/p>\n<p>6. <b>Schelle, K.<\/b>: <i>\u010ceskoslovensk\u00e9 d\u011bjiny st\u00e1tu a pr\u00e1va v dokumentech I. Obdob\u00ed boje za st\u00e1tn\u00ed samostatnost (1914 &#8211; 1918).<\/i> Brno, Masarykova univerzita 1993. 134 s.<\/p>\n<p>7. <b>Schelle, K.<\/b>: <i>\u010ceskoslovensk\u00e9 d\u011bjiny st\u00e1tu a pr\u00e1va v dokumentech II. \u00dastavn\u00ed syst\u00e9m (1918 &#8211; 1938).<\/i> Brno, Masarykova univerzita 1993. 314 s.<\/p>\n<p>8. <b>Schelle, K.<\/b>: <i>\u010ceskoslovensk\u00e9 d\u011bjiny st\u00e1tu a pr\u00e1va v dokumentech III. St\u00e1tn\u00ed spr\u00e1va (1918 &#8211; 1938).<\/i> Brno, Masarykova univerzita 1993. 305 s.<\/p>\n<p>9. <b>Schelle, K.<\/b>: <i>\u010ceskoslovensk\u00e9 d\u011bjiny st\u00e1tu a pr\u00e1va v dokumentech IV. Zahrani\u010dn\u00ed politika, organizace soudnictv\u00ed, pr\u00e1vn\u00ed \u00faprava ekonomiky (1918 &#8211; 1938).<\/i> Brno, Masarykova univerzita 1993. 243 s.<\/p>\n<p>10. <b>Schelle, K.<\/b>: <i>\u010ceskoslovensk\u00e9 d\u011bjiny st\u00e1tu a pr\u00e1va v dokumentech V. Druh\u00e1 republika (1938 &#8211; 1939).<\/i> Brno, Masarykova univerzita 1993. 231 s.<\/p>\n<p>11. <b>Schelle, K.<\/b>: <i>\u010ceskoslovensk\u00e9 d\u011bjiny st\u00e1tu a pr\u00e1va v dokumentech VI. Obdob\u00ed nesvobody (1939 &#8211; 1945).<\/i> Brno, Masarykova univerzita 1993. 284 s.<\/p>\n<p>12. <b>Schelle, K.<\/b> &#8211; Schelleov\u00e1, I.: <i>Civiln\u00ed kodexy 1811 &#8211; 1950 &#8211; 1964.<\/i> Brno, Masarykova univerzita 1993. 602 s.<\/p>\n<p>13. <b>Schelle, K.<\/b> &#8211; Vl\u010dek, E.: <i>Dokumenty ke studiu modern\u00edch d\u011bjin st\u00e1tu a pr\u00e1va I. Dokumenty mezin\u00e1rodn\u011b pr\u00e1vn\u00edho charakteru.<\/i> Brno, Masarykova univerzita 1994. 212 s.<\/p>\n<p>14. <b>Schelle, K.<\/b> &#8211; Vl\u010dek, E.: <i>Dokumenty ke studiu modern\u00edch d\u011bjin st\u00e1tu a pr\u00e1va II. \u00dastavy a normy \u00fastavn\u00edho charakteru.<\/i> Brno, Masarykova univerzity 1994. 382 s.<\/p>\n<p>15. <b>Schelle, K.<\/b>: <i>Dokumenty z \u00fastavn\u00edch a spr\u00e1vn\u00edch d\u011bjin prvn\u00ed \u010ceskoslovensk\u00e9 republiky I. \u00dastavn\u00ed pr\u00e1vo.<\/i> Brno, Masarykova univerzita 1994. 314 s.<\/p>\n<p>16. <b>Schelle, K.<\/b>: <i>Dokumenty z \u00fastavn\u00edch a spr\u00e1vn\u00edch d\u011bjin prvn\u00ed \u010ceskoslovensk\u00e9 republiky II. St\u00e1tn\u00ed spr\u00e1va.<\/i> Brno, Masarykova univerzita 1994. 504 s.<\/p>\n<p>17. <b>Schelle, K.<\/b>&#8211; Vl\u010dek, E. &#8211; \u017didlick\u00e1, M.: <i>Obecn\u00e9 d\u011bjiny st\u00e1tu a pr\u00e1va v dokumentech. I. d\u00edl.<\/i> Brno, Masarykova univerzita 1994. 174 s.<\/p>\n<p>18. <b>Schelle, K.<\/b> &#8211; Vl\u010dek, E.: <i>Obecn\u00e9 d\u011bjiny st\u00e1tu a pr\u00e1va v dokumentech. II. d\u00edl.<\/i> Brno, Masarykova univerzita 1994. 167 s.<\/p>\n<p>19. <b>Schelle, K.<\/b>&#8211; Vl\u010dek, E.: <i>Obecn\u00e9 d\u011bjiny st\u00e1tu a pr\u00e1va v dokumentech. III. d\u00edl.<\/i> Brno, Masarykova univerzita 1994. 161 s.<\/p>\n<p>20. <b>Schelle, K.<\/b> &#8211; Vl\u010dek, E.: <i>Dokumenty z \u010deskoslovensk\u00fdch d\u011bjin st\u00e1tu a pr\u00e1va 1937 &#8211; 1949.<\/i> Brno, Masarykova univerzita 1994. 254 s.<\/p>\n<p>21. <b>Schelle, K.<\/b> &#8211; Schelleov\u00e1, I.: <i>Pr\u00e1vn\u00ed \u00faprava advokacie (Historie a sou\u010dasnost).<\/i> Brno, Masarykova univerzita 1995. 165 s.<\/p>\n<p>22. <b>Schelle, K.<\/b> &#8211; Schelleov\u00e1, I.: <i>Pr\u00e1vn\u00ed \u00faprava not\u00e1\u0159stv\u00ed (Historie a sou\u010dasnost).<\/i> Brno, Masarykova univerzita 1995. 358 s.<\/p>\n<p>23. <b>Schelle, K.<\/b> &#8211; Schelleov\u00e1, I.: <i>Pr\u00e1vn\u00ed \u00faprava civiln\u00edho \u0159\u00edzen\u00ed (Historie a sou\u010dasnost). I. \u010d\u00e1st.<\/i> Brno, Masarykova univerzita 1995. 324 s.<\/p>\n<p>24. <b>Schelle, K.<\/b> &#8211; Schelleov\u00e1, I.: <i>Pr\u00e1vn\u00ed \u00faprava civiln\u00edho \u0159\u00edzen\u00ed (Historie a sou\u010dasnost). II. \u010d\u00e1st.<\/i> Brno, Masarykova univerzita 1995. 255 s.<\/p>\n<p>25. <b>Schelle, K.<\/b> &#8211; \u010cern\u00fd, M.:<i> Zdravotnictv\u00ed v mezin\u00e1rodn\u00edch dokumentech (Soubor nejv\u00fdznamn\u011bj\u0161\u00edch mezin\u00e1rodn\u00edch \u00famluv jimi\u017e je \u010cesk\u00e1 republika v\u00e1z\u00e1na).<\/i> Praha, Eurolex Bohemia 2004. 202 s.<\/p>\n<p>26. <b>Schelle, K.<\/b> &#8211; Man, V.: <i>Soubor p\u0159edpis\u016f z \u00fastavn\u00edho pr\u00e1va (2005).<\/i> Brno, B.I.B.S., a.s. 2005. 322 s.<\/p>\n<p>27. <b>Schelle, K.<\/b> &#8211; Schelleov\u00e1, I.: <i>Soubor p\u0159edpis\u016f z ob\u010dansk\u00e9ho pr\u00e1va procesn\u00edho (2005).<\/i> Brno, B.I.B.S., a.s. 2005. 512 s.<\/p>\n<p>28. <b>Schelle, K.<\/b>: <i>Soubor p\u0159edpis\u016f z pracovn\u00edho pr\u00e1va (2005).<\/i> Brno, B.I.B.S., a.s. 2005. 382 s.<\/p>\n<p>29. <b>Schelle, K.<\/b> &#8211; Schelleov\u00e1, I.: <i>Soubor p\u0159edpis\u016f z ob\u010dansk\u00e9ho pr\u00e1va (2005).<\/i> Brno, B.I.B.S., a.s. 2005. 489 s.<\/p>\n<p>30. <b>Schelle, K.<\/b> &#8211; Lab\u00edkov\u00e1, R.: <i>Soubor p\u0159edpis\u016f z mezin\u00e1rodn\u00edho pr\u00e1va obchodn\u00edho (2005).<\/i> Brno, B.I.B.S., a.s. 2005. 310 s.<\/p>\n<p>31. <b>Schelle, K.<\/b> \u2013 Schelleov\u00e1, I.:<i> Soubor p\u0159edpis\u016f z\u00a0organizace soudnictv\u00ed a pr\u00e1vn\u00ed slu\u017eby (2005).<\/i> Brno, B.I.B.S., a.s. 2006. 340 s.<\/p>\n<p>32. <b>Schelle, K.<\/b> \u2013 Schelleov\u00e1, I.:<i> Soubor p\u0159edpis\u016f z\u00a0konkurzn\u00edho \u0159\u00edzen\u00ed (2006).<\/i> Brno, B.I.B.S., a.s. 2006. 211 s.<\/p>\n<p>33. <b>Schelle, K.<\/b> \u2013 Schelleov\u00e1, I.:<i> Soubor p\u0159edpis\u016f z\u00a0exeku\u010dn\u00edho \u0159\u00edzen\u00ed (2006).<\/i> Brno, B.I.B.S., a.s. 2006. 247 s.<\/p>\n<p>34. <b>Schelle, K.<\/b> \u2013 Svoboda, I.:<i> Soubor p\u0159edpis\u016f z\u00a0organizace ve\u0159ejn\u00e9 spr\u00e1vy (2006).<\/i> Brno, B.I.B.S., a.s. 2006 170 s.<\/p>\n<p>35. <b>Schelle, K.<\/b> &#8211; Tauchen, J.: <i>Civiln\u00ed kodexy. 1. d\u00edl Ob\u010dansk\u00e9 z\u00e1kon\u00edky.<\/i> Brno. The European Society for History of Law 2010. 772 s.<\/p>\n<p>36. <b>Schelle, K.<\/b> &#8211; Tauchen, J.: <i>Civiln\u00ed kodexy. 2. d\u00edl Procesn\u00ed p\u0159edpisy.<\/i> Brno, The European Society for History of Law 2010. 978 s.<\/p>\n<p>37. <b>Schelle, K.<\/b> &#8211; Tauchen, J.: <i>Pracovn\u00ed kodexy.<\/i> Brno, The European Society for History of Law 2010. 476 s.<\/p>\n<p>38. <b>Schelle, K.<\/b> &#8211; Tauchen, J.: <i>Obchodn\u00ed kodexy.<\/i> Brno, The European Society for History of Law 2010. 900 s.<\/p>\n<p>39. <b>Schelle, K.<\/b> &#8211; Tauchen, J. &#8211; Vesel\u00e1, R.: <i>Rodinn\u00e9 kodexy.<\/i> Brno, The European Society for History of Law 2010. 156 s.<\/p>\n<p>40. <b>Schelle, K.<\/b> &#8211; Tauchen, J.: <i>Prameny k d\u011bjin\u00e1m soukrom\u00e9ho pr\u00e1va. Ob\u010dansk\u00e9 pr\u00e1vo, \u010d\u00e1st 1.<\/i> Brno, The European Society for History of Law 2010.<\/p>\n<p>41. <b>Schelle, K.<\/b> &#8211; Tauchen, J.: <i>Prameny k d\u011bjin\u00e1m soukrom\u00e9ho pr\u00e1va. Ob\u010dansk\u00e9 pr\u00e1vo, \u010d\u00e1st 2.<\/i> Brno, The European Society for History of Law 2010.<\/p>\n<p>42. <b>Schelle, K.<\/b> &#8211; Tauchen, J.: <i>Prameny k d\u011bjin\u00e1m soukrom\u00e9ho pr\u00e1va. Ob\u010dansk\u00e9 pr\u00e1vo, \u010d\u00e1st 3.<\/i> Brno, The European Society for History of Law 2010.<\/p>\n<p>43. <b>Schelle, K.<\/b> &#8211; Tauchen, J.: <i>Prameny k d\u011bjin\u00e1m soukrom\u00e9ho pr\u00e1va. Ob\u010dansk\u00e9 pr\u00e1vo, \u010d\u00e1st 4.<\/i> Brno, The European Society for History of Law 2010.<\/p>\n<p>44. <b>Schelle, K.<\/b> &#8211; Tauchen, J.: <i>Prameny k d\u011bjin\u00e1m soukrom\u00e9ho pr\u00e1va. Ob\u010dansk\u00e9 pr\u00e1vo, \u010d\u00e1st 5<\/i>. Brno, The European Society for History of Law 2010.<\/p>\n<p>45. <b>Schelle, K.<\/b> &#8211; Tauchen, J.: <i>Prameny k d\u011bjin\u00e1m soukrom\u00e9ho pr\u00e1va. Obchodn\u00ed pr\u00e1vo, \u010d\u00e1st 1.<\/i> Brno, The European Society for History of Law 2010.<\/p>\n<p>46. <b>Schelle, K.<\/b> &#8211; Tauchen, J.: <i>Prameny k d\u011bjin\u00e1m soukrom\u00e9ho pr\u00e1va. Obchodn\u00ed pr\u00e1vo, \u010d\u00e1st 2.<\/i> Brno, The European Society for History of Law 2010.<\/p>\n<p>47. <b>Schelle, K.<\/b> &#8211; Tauchen, J.: <i>Prameny k d\u011bjin\u00e1m soukrom\u00e9ho pr\u00e1va. Pracovn\u00ed pr\u00e1vo.<\/i> Brno, The European Society for History of Law 2010.<\/p>\n<p>48. <b>Schelle, K.<\/b> &#8211; Tauchen, J.: <i>Prameny k d\u011bjin\u00e1m soukrom\u00e9ho pr\u00e1va. Rodinn\u00e9 pr\u00e1vo.<\/i> Brno, The European Society for History of Law 2010.<\/p>\n<p>49. <b>Schelle, K.<\/b> &#8211; Tauchen, J.: <i>Trestn\u00ed kodexy. 1. d\u00edl Hmotn\u011bpr\u00e1vn\u00ed p\u0159edpisy.<\/i> Brno, The European Society for History of Law 2011. 643 s.<\/p>\n<p>50. <b>Schelle, K.<\/b> &#8211; Tauchen, J.: <i>Trestn\u00ed kodexy. 2. d\u00edl. Procesn\u011bpr\u00e1vn\u00ed p\u0159edpisy.<\/i> Brno, The European Society for History of Law 2011. 989 s.<\/p>\n<p>51. <b>Schelle, K.<\/b> &#8211; Tauchen, J.: <i>V\u00fdvoj \u00fastavn\u00edho pr\u00e1va v dokumentech.<\/i> Brno, The European Society for History of Law 2011. 294 s.<\/p>\n<p>52. <b>Schelle, K.<\/b> &#8211; Tauchen, J.: <i>V\u00fdvoj \u010desk\u00e9 ve\u0159ejn\u00e9 spr\u00e1vy v dokumentech.<\/i> Brno, The European Society for History of Law 2011. 897 s.<\/p>\n<p>53. <b>Schelle, K.<\/b> &#8211; Tauchen, J.: <i>Historie konkursn\u00edho \u0159\u00edzen\u00ed v dokumentech.<\/i> Brno, The European Society for History of Law 2012. 708 s.<\/p>\n<p>54. <b>Schelle, K.<\/b> &#8211; Tauchen, J.: <i>Historie not\u00e1\u0159stv\u00ed v dokumentech.<\/i> Brno, The European Society for History of Law. 2012. 422 s.<\/p>\n<p>55. <b>Schelle, K.<\/b> &#8211; Tauchen, J.: <i>Historie advokacie v dokumentech.<\/i> Brno, The European Society for History of Law 2012. 434 s.<\/p>\n","protected":false},"excerpt":{"rendered":"<p>PUBLIKA\u010cN\u00cd \u010cINNOST &#8211; Sb\u00edrky pr\u00e1vn\u00edch p\u0159edpis\u016f a dokument\u016f Doc. JUDr. Karel Schelle, CSc. 1. Schelle, K.: V\u00fdvoj st\u00e1tn\u00ed spr\u00e1vy v dokumentech. I. \u010d\u00e1st (do roku 1945). Brno, Masarykova univerzita 1992. 337 s. 2. Schelle, K.: V\u00fdvoj st\u00e1tn\u00ed spr\u00e1vy v dokumentech. &hellip; <a href=\"https:\/\/www.schelle.cz\/?page_id=77\">Cel\u00fd p\u0159\u00edsp\u011bvek <span class=\"meta-nav\">&rarr;<\/span><\/a><\/p>\n","protected":false},"author":1,"featured_media":0,"parent":317,"menu_order":3,"comment_status":"closed","ping_status":"closed","template":"","meta":{"footnotes":""},"class_list":["post-77","page","type-page","status-publish","hentry"],"_links":{"self":[{"href":"https:\/\/www.schelle.cz\/index.php?rest_route=\/wp\/v2\/pages\/77","targetHints":{"allow":["GET"]}}],"collection":[{"href":"https:\/\/www.schelle.cz\/index.php?rest_route=\/wp\/v2\/pages"}],"about":[{"href":"https:\/\/www.schelle.cz\/index.php?rest_route=\/wp\/v2\/types\/page"}],"author":[{"embeddable":true,"href":"https:\/\/www.schelle.cz\/index.php?rest_route=\/wp\/v2\/users\/1"}],"replies":[{"embeddable":true,"href":"https:\/\/www.schelle.cz\/index.php?rest_route=%2Fwp%2Fv2%2Fcomments&post=77"}],"version-history":[{"count":2,"href":"https:\/\/www.schelle.cz\/index.php?rest_route=\/wp\/v2\/pages\/77\/revisions"}],"predecessor-version":[{"id":352,"href":"https:\/\/www.schelle.cz\/index.php?rest_route=\/wp\/v2\/pages\/77\/revisions\/352"}],"up":[{"embeddable":true,"href":"https:\/\/www.schelle.cz\/index.php?rest_route=\/wp\/v2\/pages\/317"}],"wp:attachment":[{"href":"https:\/\/www.schelle.cz\/index.php?rest_route=%2Fwp%2Fv2%2Fmedia&parent=77"}],"curies":[{"name":"wp","href":"https:\/\/api.w.org\/{rel}","templated":true}]}}